{"id":10944,"date":"2025-10-03T10:26:09","date_gmt":"2025-10-03T10:26:09","guid":{"rendered":"https:\/\/pmaria-cid.org\/calendario-escolar\/"},"modified":"2025-10-08T11:26:46","modified_gmt":"2025-10-08T11:26:46","slug":"calendario-escolar","status":"publish","type":"page","link":"https:\/\/pmaria-cid.org\/ca\/calendario-escolar\/","title":{"rendered":"Calendari escolar"},"content":{"rendered":"\t\t<div data-elementor-type=\"wp-page\" data-elementor-id=\"10944\" class=\"elementor elementor-10944 elementor-10867\" data-elementor-post-type=\"page\">\n\t\t\t\t<div class=\"elementor-element elementor-element-55d6c39b e-flex e-con-boxed e-con e-parent\" data-id=\"55d6c39b\" data-element_type=\"container\" data-settings=\"{&quot;jet_parallax_layout_list&quot;:[]}\">\n\t\t\t\t\t<div class=\"e-con-inner\">\n\t\t\t\t<div class=\"elementor-element elementor-element-5094432 elementor-widget elementor-widget-shortcode\" data-id=\"5094432\" data-element_type=\"widget\" data-widget_type=\"shortcode.default\">\n\t\t\t\t<div class=\"elementor-widget-container\">\n\t\t\t\t\t<div class=\"elementor-shortcode\"><style id=\"rwce-hide-page-title\">.page-header,.entry-title,.page-title{display:none!important}<\/style><div id=\"rwsc-96335ee7-e641-44fc-917f-0b6b9f480e3b\" class=\"rwsc\" style=\"--rwsc-title-size:38px;--rwsc-month-size:26px;--rwsc-event-size:16px;--rwsc-legend-size:14px\"><style id=\"rwsc-responsive-rwsc-96335ee7-e641-44fc-917f-0b6b9f480e3b\">@media (max-width:767px){#rwsc-96335ee7-e641-44fc-917f-0b6b9f480e3b .rwsc-header{--rwsc-title-size:22px !important;}#rwsc-96335ee7-e641-44fc-917f-0b6b9f480e3b .rwsc-month{}#rwsc-96335ee7-e641-44fc-917f-0b6b9f480e3b .rwsc-title{}#rwsc-96335ee7-e641-44fc-917f-0b6b9f480e3b .rwsc-legend{}}<\/style><div class=\"rwsc-header rwsc-header--center\"><h1>Calendario escolar 2025-2026<\/h1><\/div><div class=\"rwsc-calendar\" style=\"--rwsc-cols:2\"><div class=\"rwsc-month\"><h3>Setembre 2025<\/h3><div class=\"rwsc-event\" style=\"--rwsc-color: #230000\"><span class=\"rwsc-dot\" style=\"background:#230000\"><\/span><span class=\"rwsc-title\">8-Lunes: Inicio de las clases. Media Jornada<\/span><\/div><\/div><div class=\"rwsc-month\"><h3>Octubre 2025<\/h3><div class=\"rwsc-event\" style=\"--rwsc-color: #230000\"><span class=\"rwsc-dot\" style=\"background:#230000\"><\/span><span class=\"rwsc-title\">1-Mi\u00e9rcoles: Jornada Completa<\/span><\/div><div class=\"rwsc-event\" style=\"--rwsc-color: #e74c3c\"><span class=\"rwsc-dot\" style=\"background:#e74c3c\"><\/span><span class=\"rwsc-title\">9-Jueves. Nou d&#8217;octubre. Fiesta de la Comunitat<\/span><\/div><div class=\"rwsc-event\" style=\"--rwsc-color: #e74c3c\"><span class=\"rwsc-dot\" style=\"background:#e74c3c\"><\/span><span class=\"rwsc-title\">12-Domingo: Fiesta de la Hispanidad<\/span><\/div><div class=\"rwsc-event\" style=\"--rwsc-color: #230000\"><span class=\"rwsc-dot\" style=\"background:#230000\"><\/span><span class=\"rwsc-title\">16-Jueves: Celebraci\u00f3n del D\u00eda de la Pureza<\/span><\/div><\/div><div class=\"rwsc-month\"><h3>Novembre 2025<\/h3><div class=\"rwsc-event\" style=\"--rwsc-color: #e74c3c\"><span class=\"rwsc-dot\" style=\"background:#e74c3c\"><\/span><span class=\"rwsc-title\">1-S\u00e1bado: Todos los Santos<\/span><\/div><\/div><div class=\"rwsc-month\"><h3>Desembre 2025<\/h3><div class=\"rwsc-event\" style=\"--rwsc-color: #e74c3c\"><span class=\"rwsc-dot\" style=\"background:#e74c3c\"><\/span><span class=\"rwsc-title\">6-S\u00e1bado: D\u00eda de la constituci\u00f3n<\/span><\/div><div class=\"rwsc-event\" style=\"--rwsc-color: #e74c3c\"><span class=\"rwsc-dot\" style=\"background:#e74c3c\"><\/span><span class=\"rwsc-title\">8-Lunes: Fiesta de la Inmaculada<\/span><\/div><div class=\"rwsc-event\" style=\"--rwsc-color: #230000\"><span class=\"rwsc-dot\" style=\"background:#230000\"><\/span><span class=\"rwsc-title\">22-Lunes: \u00daltimo d\u00eda de clase previo vacaciones de Navidad<\/span><\/div><div class=\"rwsc-event\" style=\"--rwsc-color: #230000\"><span class=\"rwsc-dot\" style=\"background:#230000\"><\/span><span class=\"rwsc-title\">19-Viernes. Mercadillo Solidario NaviDAR<\/span><\/div><\/div><div class=\"rwsc-month\"><h3>Gener 2026<\/h3><div class=\"rwsc-event\" style=\"--rwsc-color: #e74c3c\"><span class=\"rwsc-dot\" style=\"background:#e74c3c\"><\/span><span class=\"rwsc-title\">6-Martes: D\u00eda de Reyes<\/span><\/div><div class=\"rwsc-event\" style=\"--rwsc-color: #230000\"><span class=\"rwsc-dot\" style=\"background:#230000\"><\/span><span class=\"rwsc-title\">7-Mi\u00e9rcoles: Inicio de las clases<\/span><\/div><div class=\"rwsc-event\" style=\"--rwsc-color: #230000\"><span class=\"rwsc-dot\" style=\"background:#230000\"><\/span><span class=\"rwsc-title\">16-Viernes: Inicio Programa de frutas y verduras<\/span><\/div><div class=\"rwsc-event\" style=\"--rwsc-color: #230000\"><span class=\"rwsc-dot\" style=\"background:#230000\"><\/span><span class=\"rwsc-title\"><a href=\"https:\/\/pmaria-cid.org\/2026\/02\/02\/la-pureza-unida-por-el-bien-comun\/\" target=\"_blank\" rel=\"noopener\">30-Viernes: D\u00eda de la Paz<\/a><\/span><\/div><\/div><div class=\"rwsc-month\"><h3>Febrer 2026<\/h3><div class=\"rwsc-event\" style=\"--rwsc-color: #230000\"><span class=\"rwsc-dot\" style=\"background:#230000\"><\/span><span class=\"rwsc-title\">18-Mi\u00e9rcoles: Mi\u00e9rcoles de ceniza<\/span><\/div><div class=\"rwsc-event\" style=\"--rwsc-color: #230000\"><span class=\"rwsc-dot\" style=\"background:#230000\"><\/span><span class=\"rwsc-title\">25-Mi\u00e9rcoles: IX Fiesta del Aprendizaje<\/span><\/div><\/div><div class=\"rwsc-month\"><h3>Mar\u00e7 2026<\/h3><div class=\"rwsc-event\" style=\"--rwsc-color: #230000\"><span class=\"rwsc-dot\" style=\"background:#230000\"><\/span><span class=\"rwsc-title\">3-Marzo: Almuerzo Solidario. Manos Unidas<\/span><\/div><div class=\"rwsc-event\" style=\"--rwsc-color: #e74c3c\"><span class=\"rwsc-dot\" style=\"background:#e74c3c\"><\/span><span class=\"rwsc-title\">14\/19-Vacaciones de Fallas<\/span><\/div><div class=\"rwsc-event\" style=\"--rwsc-color: #230000\"><span class=\"rwsc-dot\" style=\"background:#230000\"><\/span><span class=\"rwsc-title\">20-Viernes: Se reanudan las clases<\/span><\/div><div class=\"rwsc-event\" style=\"--rwsc-color: #230000\"><span class=\"rwsc-dot\" style=\"background:#230000\"><\/span><span class=\"rwsc-title\">23-Lunes: Reuni\u00f3n familias 1\u00ba, 2\u00ba y 3\u00ba EP en sal\u00f3n de actos. Charla de David de Cubas<\/span><\/div><div class=\"rwsc-event\" style=\"--rwsc-color: #230000\"><span class=\"rwsc-dot\" style=\"background:#230000\"><\/span><span class=\"rwsc-title\">23-Lunes: Erasmus 2\u00baESO viaje a Italia<\/span><\/div><div class=\"rwsc-event\" style=\"--rwsc-color: #230000\"><span class=\"rwsc-dot\" style=\"background:#230000\"><\/span><span class=\"rwsc-title\">24-Martes: Viaje a Cracovia 4\u00baESO<\/span><\/div><div class=\"rwsc-event\" style=\"--rwsc-color: #230000\"><span class=\"rwsc-dot\" style=\"background:#230000\"><\/span><span class=\"rwsc-title\">24-Martes: Reuni\u00f3n familias 4 y 5 a\u00f1os en sal\u00f3n de actos. Charla de David de Cubas<\/span><\/div><div class=\"rwsc-event\" style=\"--rwsc-color: #230000\"><span class=\"rwsc-dot\" style=\"background:#230000\"><\/span><span class=\"rwsc-title\">25-Mi\u00e9rcoles: Jornada de vocaciones Pureza<\/span><\/div><div class=\"rwsc-event\" style=\"--rwsc-color: #230000\"><span class=\"rwsc-dot\" style=\"background:#230000\"><\/span><span class=\"rwsc-title\">27-Viernes: D\u00eda del Deporte<\/span><\/div><\/div><div class=\"rwsc-month\"><h3>Abril 2026<\/h3><div class=\"rwsc-event\" style=\"--rwsc-color: #230000\"><span class=\"rwsc-dot\" style=\"background:#230000\"><\/span><span class=\"rwsc-title\">1-Mi\u00e9rcoles: \u00daltimo d\u00eda de clase. Mi\u00e9rcoles Santo vacaciones de Semana Santa y Pascua.<\/span><\/div><div class=\"rwsc-event\" style=\"--rwsc-color: #e74c3c\"><span class=\"rwsc-dot\" style=\"background:#e74c3c\"><\/span><span class=\"rwsc-title\">2-Jueves a 14-Mi\u00e9rcoles Vacaciones de Semana Santa<\/span><\/div><div class=\"rwsc-event\" style=\"--rwsc-color: #e74c3c\"><span class=\"rwsc-dot\" style=\"background:#e74c3c\"><\/span><span class=\"rwsc-title\">13-Lunes: Festividad de San Vicente<\/span><\/div><div class=\"rwsc-event\" style=\"--rwsc-color: #230000\"><span class=\"rwsc-dot\" style=\"background:#230000\"><\/span><span class=\"rwsc-title\">14-Martes: Reanudan las clases<\/span><\/div><div class=\"rwsc-event\" style=\"--rwsc-color: #230000\"><span class=\"rwsc-dot\" style=\"background:#230000\"><\/span><span class=\"rwsc-title\">23-Jueves. D\u00eda de Madre Alberta<\/span><\/div><\/div><div class=\"rwsc-month\"><h3>Maig 2026<\/h3><div class=\"rwsc-event\" style=\"--rwsc-color: #e74c3c\"><span class=\"rwsc-dot\" style=\"background:#e74c3c\"><\/span><span class=\"rwsc-title\">1-Viernes: D\u00eda de trabajo<\/span><\/div><div class=\"rwsc-event\" style=\"--rwsc-color: #e74c3c\"><span class=\"rwsc-dot\" style=\"background:#e74c3c\"><\/span><span class=\"rwsc-title\">3-Domingo: Primeras Comuniones<\/span><\/div><div class=\"rwsc-event\" style=\"--rwsc-color: #e74c3c\"><span class=\"rwsc-dot\" style=\"background:#e74c3c\"><\/span><span class=\"rwsc-title\">2-S\u00e1bado: Primeras Comuniones<\/span><\/div><div class=\"rwsc-event\" style=\"--rwsc-color: #230000\"><span class=\"rwsc-dot\" style=\"background:#230000\"><\/span><span class=\"rwsc-title\">5-Martes: Reuni\u00f3n informativa admisiones<\/span><\/div><\/div><div class=\"rwsc-month\"><h3>Juny 2026<\/h3><div class=\"rwsc-event\" style=\"--rwsc-color: #230000\"><span class=\"rwsc-dot\" style=\"background:#230000\"><\/span><span class=\"rwsc-title\">1-Lunes: Inicio de la jornada intensiva<\/span><\/div><div class=\"rwsc-event\" style=\"--rwsc-color: #230000\"><span class=\"rwsc-dot\" style=\"background:#230000\"><\/span><span class=\"rwsc-title\">19-Viernes: Finalizan las clases<\/span><\/div><\/div><\/div><div class=\"rwsc-legend\"><div class=\"item\"><span class=\"rwsc-dot\" style=\"background:#e74c3c\"><\/span><span>No lectivo<\/span><\/div><div class=\"item\"><span class=\"rwsc-dot\" style=\"background:#230000\"><\/span><span>Lectivo<\/span><\/div><\/div><\/div><\/div>\n\t\t\t\t<\/div>\n\t\t\t\t<\/div>\n\t\t\t\t\t<\/div>\n\t\t\t\t<\/div>\n\t\t\t\t<\/div>\n\t\t","protected":false},"excerpt":{"rendered":"","protected":false},"author":10,"featured_media":0,"parent":0,"menu_order":0,"comment_status":"closed","ping_status":"closed","template":"","meta":{"footnotes":""},"class_list":["post-10944","page","type-page","status-publish","hentry"],"yoast_head":"<!-- This site is optimized with the Yoast SEO plugin v27.3 - https:\/\/yoast.com\/product\/yoast-seo-wordpress\/ -->\n<title>Calendari escolar - Pureza de Mar\u00eda Madrid<\/title>\n<meta name=\"robots\" content=\"index, follow, max-snippet:-1, max-image-preview:large, max-video-preview:-1\" \/>\n<link rel=\"canonical\" href=\"https:\/\/pmaria-cid.org\/ca\/calendario-escolar\/\" \/>\n<meta property=\"og:locale\" content=\"ca_ES\" \/>\n<meta property=\"og:type\" content=\"article\" \/>\n<meta property=\"og:title\" content=\"Calendari escolar - Pureza de Mar\u00eda Madrid\" \/>\n<meta property=\"og:url\" content=\"https:\/\/pmaria-cid.org\/ca\/calendario-escolar\/\" \/>\n<meta property=\"og:site_name\" content=\"Pureza de Mar\u00eda Madrid\" \/>\n<meta property=\"article:publisher\" content=\"https:\/\/www.facebook.com\/pmariacid\" \/>\n<meta property=\"article:modified_time\" content=\"2025-10-08T11:26:46+00:00\" \/>\n<meta property=\"og:image\" content=\"https:\/\/pmaria-cid.org\/wp-content\/uploads\/2022\/09\/Fachada_03-1418x945-1.jpg\" \/>\n\t<meta property=\"og:image:width\" content=\"1418\" \/>\n\t<meta property=\"og:image:height\" content=\"945\" \/>\n\t<meta property=\"og:image:type\" content=\"image\/jpeg\" \/>\n<meta name=\"twitter:card\" content=\"summary_large_image\" \/>\n<meta name=\"twitter:site\" content=\"@pmariacid\" \/>\n<meta name=\"twitter:label1\" content=\"Temps estimat de lectura\" \/>\n\t<meta name=\"twitter:data1\" content=\"1 minut\" \/>\n<script type=\"application\/ld+json\" class=\"yoast-schema-graph\">{\"@context\":\"https:\\\/\\\/schema.org\",\"@graph\":[{\"@type\":\"WebPage\",\"@id\":\"https:\\\/\\\/pmaria-cid.org\\\/ca\\\/calendario-escolar\\\/\",\"url\":\"https:\\\/\\\/pmaria-cid.org\\\/ca\\\/calendario-escolar\\\/\",\"name\":\"Calendari escolar - Pureza de Mar\u00eda Madrid\",\"isPartOf\":{\"@id\":\"https:\\\/\\\/pmaria-cid.org\\\/ca\\\/#website\"},\"datePublished\":\"2025-10-03T10:26:09+00:00\",\"dateModified\":\"2025-10-08T11:26:46+00:00\",\"breadcrumb\":{\"@id\":\"https:\\\/\\\/pmaria-cid.org\\\/ca\\\/calendario-escolar\\\/#breadcrumb\"},\"inLanguage\":\"ca\",\"potentialAction\":[{\"@type\":\"ReadAction\",\"target\":[\"https:\\\/\\\/pmaria-cid.org\\\/ca\\\/calendario-escolar\\\/\"]}]},{\"@type\":\"BreadcrumbList\",\"@id\":\"https:\\\/\\\/pmaria-cid.org\\\/ca\\\/calendario-escolar\\\/#breadcrumb\",\"itemListElement\":[{\"@type\":\"ListItem\",\"position\":1,\"name\":\"Portada\",\"item\":\"https:\\\/\\\/pmaria-cid.org\\\/ca\\\/\"},{\"@type\":\"ListItem\",\"position\":2,\"name\":\"Calendari escolar\"}]},{\"@type\":\"WebSite\",\"@id\":\"https:\\\/\\\/pmaria-cid.org\\\/ca\\\/#website\",\"url\":\"https:\\\/\\\/pmaria-cid.org\\\/ca\\\/\",\"name\":\"Colegio Pureza de Mar\u00eda Valencia Cid\",\"description\":\"Colegio cat\u00f3lico privado-concertado. Educaci\u00f3n Infantil, Primaria, ESO y Bachillerato\",\"publisher\":{\"@id\":\"https:\\\/\\\/pmaria-cid.org\\\/ca\\\/#organization\"},\"alternateName\":\"Pureza de Mar\u00eda Valencia Cid\",\"potentialAction\":[{\"@type\":\"SearchAction\",\"target\":{\"@type\":\"EntryPoint\",\"urlTemplate\":\"https:\\\/\\\/pmaria-cid.org\\\/ca\\\/?s={search_term_string}\"},\"query-input\":{\"@type\":\"PropertyValueSpecification\",\"valueRequired\":true,\"valueName\":\"search_term_string\"}}],\"inLanguage\":\"ca\"},{\"@type\":\"Organization\",\"@id\":\"https:\\\/\\\/pmaria-cid.org\\\/ca\\\/#organization\",\"name\":\"Colegio Pureza de Mar\u00eda Valencia Cid\",\"alternateName\":\"Pureza de Mar\u00eda Valencia Cid\",\"url\":\"https:\\\/\\\/pmaria-cid.org\\\/ca\\\/\",\"logo\":{\"@type\":\"ImageObject\",\"inLanguage\":\"ca\",\"@id\":\"https:\\\/\\\/pmaria-cid.org\\\/ca\\\/#\\\/schema\\\/logo\\\/image\\\/\",\"url\":\"https:\\\/\\\/pmaria-cid.org\\\/wp-content\\\/uploads\\\/2023\\\/05\\\/cropped-color.png\",\"contentUrl\":\"https:\\\/\\\/pmaria-cid.org\\\/wp-content\\\/uploads\\\/2023\\\/05\\\/cropped-color.png\",\"width\":2478,\"height\":708,\"caption\":\"Colegio Pureza de Mar\u00eda Valencia Cid\"},\"image\":{\"@id\":\"https:\\\/\\\/pmaria-cid.org\\\/ca\\\/#\\\/schema\\\/logo\\\/image\\\/\"},\"sameAs\":[\"https:\\\/\\\/www.facebook.com\\\/pmariacid\",\"https:\\\/\\\/x.com\\\/pmariacid\",\"https:\\\/\\\/www.instagram.com\\\/pmariacid\",\"https:\\\/\\\/www.youtube.com\\\/RedesCid\"]}]}<\/script>\n<!-- \/ Yoast SEO plugin. -->","yoast_head_json":{"title":"Calendari escolar - Pureza de Mar\u00eda Madrid","robots":{"index":"index","follow":"follow","max-snippet":"max-snippet:-1","max-image-preview":"max-image-preview:large","max-video-preview":"max-video-preview:-1"},"canonical":"https:\/\/pmaria-cid.org\/ca\/calendario-escolar\/","og_locale":"ca_ES","og_type":"article","og_title":"Calendari escolar - Pureza de Mar\u00eda Madrid","og_url":"https:\/\/pmaria-cid.org\/ca\/calendario-escolar\/","og_site_name":"Pureza de Mar\u00eda Madrid","article_publisher":"https:\/\/www.facebook.com\/pmariacid","article_modified_time":"2025-10-08T11:26:46+00:00","og_image":[{"width":1418,"height":945,"url":"https:\/\/pmaria-cid.org\/wp-content\/uploads\/2022\/09\/Fachada_03-1418x945-1.jpg","type":"image\/jpeg"}],"twitter_card":"summary_large_image","twitter_site":"@pmariacid","twitter_misc":{"Temps estimat de lectura":"1 minut"},"schema":{"@context":"https:\/\/schema.org","@graph":[{"@type":"WebPage","@id":"https:\/\/pmaria-cid.org\/ca\/calendario-escolar\/","url":"https:\/\/pmaria-cid.org\/ca\/calendario-escolar\/","name":"Calendari escolar - Pureza de Mar\u00eda Madrid","isPartOf":{"@id":"https:\/\/pmaria-cid.org\/ca\/#website"},"datePublished":"2025-10-03T10:26:09+00:00","dateModified":"2025-10-08T11:26:46+00:00","breadcrumb":{"@id":"https:\/\/pmaria-cid.org\/ca\/calendario-escolar\/#breadcrumb"},"inLanguage":"ca","potentialAction":[{"@type":"ReadAction","target":["https:\/\/pmaria-cid.org\/ca\/calendario-escolar\/"]}]},{"@type":"BreadcrumbList","@id":"https:\/\/pmaria-cid.org\/ca\/calendario-escolar\/#breadcrumb","itemListElement":[{"@type":"ListItem","position":1,"name":"Portada","item":"https:\/\/pmaria-cid.org\/ca\/"},{"@type":"ListItem","position":2,"name":"Calendari escolar"}]},{"@type":"WebSite","@id":"https:\/\/pmaria-cid.org\/ca\/#website","url":"https:\/\/pmaria-cid.org\/ca\/","name":"Colegio Pureza de Mar\u00eda Valencia Cid","description":"Colegio cat\u00f3lico privado-concertado. Educaci\u00f3n Infantil, Primaria, ESO y Bachillerato","publisher":{"@id":"https:\/\/pmaria-cid.org\/ca\/#organization"},"alternateName":"Pureza de Mar\u00eda Valencia Cid","potentialAction":[{"@type":"SearchAction","target":{"@type":"EntryPoint","urlTemplate":"https:\/\/pmaria-cid.org\/ca\/?s={search_term_string}"},"query-input":{"@type":"PropertyValueSpecification","valueRequired":true,"valueName":"search_term_string"}}],"inLanguage":"ca"},{"@type":"Organization","@id":"https:\/\/pmaria-cid.org\/ca\/#organization","name":"Colegio Pureza de Mar\u00eda Valencia Cid","alternateName":"Pureza de Mar\u00eda Valencia Cid","url":"https:\/\/pmaria-cid.org\/ca\/","logo":{"@type":"ImageObject","inLanguage":"ca","@id":"https:\/\/pmaria-cid.org\/ca\/#\/schema\/logo\/image\/","url":"https:\/\/pmaria-cid.org\/wp-content\/uploads\/2023\/05\/cropped-color.png","contentUrl":"https:\/\/pmaria-cid.org\/wp-content\/uploads\/2023\/05\/cropped-color.png","width":2478,"height":708,"caption":"Colegio Pureza de Mar\u00eda Valencia Cid"},"image":{"@id":"https:\/\/pmaria-cid.org\/ca\/#\/schema\/logo\/image\/"},"sameAs":["https:\/\/www.facebook.com\/pmariacid","https:\/\/x.com\/pmariacid","https:\/\/www.instagram.com\/pmariacid","https:\/\/www.youtube.com\/RedesCid"]}]}},"_links":{"self":[{"href":"https:\/\/pmaria-cid.org\/ca\/wp-json\/wp\/v2\/pages\/10944","targetHints":{"allow":["GET"]}}],"collection":[{"href":"https:\/\/pmaria-cid.org\/ca\/wp-json\/wp\/v2\/pages"}],"about":[{"href":"https:\/\/pmaria-cid.org\/ca\/wp-json\/wp\/v2\/types\/page"}],"author":[{"embeddable":true,"href":"https:\/\/pmaria-cid.org\/ca\/wp-json\/wp\/v2\/users\/10"}],"replies":[{"embeddable":true,"href":"https:\/\/pmaria-cid.org\/ca\/wp-json\/wp\/v2\/comments?post=10944"}],"version-history":[{"count":2,"href":"https:\/\/pmaria-cid.org\/ca\/wp-json\/wp\/v2\/pages\/10944\/revisions"}],"predecessor-version":[{"id":10946,"href":"https:\/\/pmaria-cid.org\/ca\/wp-json\/wp\/v2\/pages\/10944\/revisions\/10946"}],"wp:attachment":[{"href":"https:\/\/pmaria-cid.org\/ca\/wp-json\/wp\/v2\/media?parent=10944"}],"curies":[{"name":"wp","href":"https:\/\/api.w.org\/{rel}","templated":true}]}}