{"id":6057,"date":"2023-06-05T08:34:57","date_gmt":"2023-06-05T08:34:57","guid":{"rendered":"https:\/\/pmaria-cid.org\/avis-legal\/"},"modified":"2024-05-16T08:41:25","modified_gmt":"2024-05-16T08:41:25","slug":"avis-legal","status":"publish","type":"page","link":"https:\/\/pmaria-cid.org\/ca\/avis-legal\/","title":{"rendered":"Av\u00eds legal."},"content":{"rendered":"\t\t<div data-elementor-type=\"wp-page\" data-elementor-id=\"6057\" class=\"elementor elementor-6057 elementor-3555\" data-elementor-post-type=\"page\">\n\t\t\t\t\t\t<section class=\"elementor-section elementor-top-section elementor-element elementor-element-fde15bf elementor-section-full_width elementor-section-height-default elementor-section-height-default\" data-id=\"fde15bf\" data-element_type=\"section\" data-settings=\"{&quot;background_background&quot;:&quot;classic&quot;,&quot;jet_parallax_layout_list&quot;:[{&quot;jet_parallax_layout_image&quot;:{&quot;url&quot;:&quot;&quot;,&quot;id&quot;:&quot;&quot;,&quot;size&quot;:&quot;&quot;},&quot;_id&quot;:&quot;08400e4&quot;,&quot;jet_parallax_layout_image_tablet&quot;:{&quot;url&quot;:&quot;&quot;,&quot;id&quot;:&quot;&quot;,&quot;size&quot;:&quot;&quot;},&quot;jet_parallax_layout_image_mobile&quot;:{&quot;url&quot;:&quot;&quot;,&quot;id&quot;:&quot;&quot;,&quot;size&quot;:&quot;&quot;},&quot;jet_parallax_layout_speed&quot;:{&quot;unit&quot;:&quot;%&quot;,&quot;size&quot;:50,&quot;sizes&quot;:[]},&quot;jet_parallax_layout_type&quot;:&quot;scroll&quot;,&quot;jet_parallax_layout_direction&quot;:null,&quot;jet_parallax_layout_fx_direction&quot;:null,&quot;jet_parallax_layout_z_index&quot;:&quot;&quot;,&quot;jet_parallax_layout_bg_x&quot;:50,&quot;jet_parallax_layout_bg_x_tablet&quot;:&quot;&quot;,&quot;jet_parallax_layout_bg_x_mobile&quot;:&quot;&quot;,&quot;jet_parallax_layout_bg_y&quot;:50,&quot;jet_parallax_layout_bg_y_tablet&quot;:&quot;&quot;,&quot;jet_parallax_layout_bg_y_mobile&quot;:&quot;&quot;,&quot;jet_parallax_layout_bg_size&quot;:&quot;auto&quot;,&quot;jet_parallax_layout_bg_size_tablet&quot;:&quot;&quot;,&quot;jet_parallax_layout_bg_size_mobile&quot;:&quot;&quot;,&quot;jet_parallax_layout_animation_prop&quot;:&quot;transform&quot;,&quot;jet_parallax_layout_on&quot;:[&quot;desktop&quot;,&quot;tablet&quot;]}]}\">\n\t\t\t\t\t\t<div class=\"elementor-container elementor-column-gap-default\">\n\t\t\t\t\t<div class=\"elementor-column elementor-col-100 elementor-top-column elementor-element elementor-element-c88223c\" data-id=\"c88223c\" data-element_type=\"column\">\n\t\t\t<div class=\"elementor-widget-wrap elementor-element-populated\">\n\t\t\t\t\t\t<div class=\"elementor-element elementor-element-109b024 elementor-widget elementor-widget-heading\" data-id=\"109b024\" data-element_type=\"widget\" data-widget_type=\"heading.default\">\n\t\t\t\t<div class=\"elementor-widget-container\">\n\t\t\t<h2 class=\"elementor-heading-title elementor-size-default\">Av\u00eds legal.<\/h2>\t\t<\/div>\n\t\t\t\t<\/div>\n\t\t\t\t\t<\/div>\n\t\t<\/div>\n\t\t\t\t\t<\/div>\n\t\t<\/section>\n\t\t\t\t<section class=\"elementor-section elementor-top-section elementor-element elementor-element-8a9f211 elementor-section-full_width elementor-section-height-default elementor-section-height-default\" data-id=\"8a9f211\" data-element_type=\"section\" data-settings=\"{&quot;jet_parallax_layout_list&quot;:[{&quot;jet_parallax_layout_image&quot;:{&quot;url&quot;:&quot;&quot;,&quot;id&quot;:&quot;&quot;,&quot;size&quot;:&quot;&quot;},&quot;_id&quot;:&quot;88bd655&quot;,&quot;jet_parallax_layout_image_tablet&quot;:{&quot;url&quot;:&quot;&quot;,&quot;id&quot;:&quot;&quot;,&quot;size&quot;:&quot;&quot;},&quot;jet_parallax_layout_image_mobile&quot;:{&quot;url&quot;:&quot;&quot;,&quot;id&quot;:&quot;&quot;,&quot;size&quot;:&quot;&quot;},&quot;jet_parallax_layout_speed&quot;:{&quot;unit&quot;:&quot;%&quot;,&quot;size&quot;:50,&quot;sizes&quot;:[]},&quot;jet_parallax_layout_type&quot;:&quot;scroll&quot;,&quot;jet_parallax_layout_direction&quot;:null,&quot;jet_parallax_layout_fx_direction&quot;:null,&quot;jet_parallax_layout_z_index&quot;:&quot;&quot;,&quot;jet_parallax_layout_bg_x&quot;:50,&quot;jet_parallax_layout_bg_x_tablet&quot;:&quot;&quot;,&quot;jet_parallax_layout_bg_x_mobile&quot;:&quot;&quot;,&quot;jet_parallax_layout_bg_y&quot;:50,&quot;jet_parallax_layout_bg_y_tablet&quot;:&quot;&quot;,&quot;jet_parallax_layout_bg_y_mobile&quot;:&quot;&quot;,&quot;jet_parallax_layout_bg_size&quot;:&quot;auto&quot;,&quot;jet_parallax_layout_bg_size_tablet&quot;:&quot;&quot;,&quot;jet_parallax_layout_bg_size_mobile&quot;:&quot;&quot;,&quot;jet_parallax_layout_animation_prop&quot;:&quot;transform&quot;,&quot;jet_parallax_layout_on&quot;:[&quot;desktop&quot;,&quot;tablet&quot;]}]}\">\n\t\t\t\t\t\t<div class=\"elementor-container elementor-column-gap-default\">\n\t\t\t\t\t<div class=\"elementor-column elementor-col-100 elementor-top-column elementor-element elementor-element-166d750\" data-id=\"166d750\" data-element_type=\"column\">\n\t\t\t<div class=\"elementor-widget-wrap elementor-element-populated\">\n\t\t\t\t\t\t<div class=\"elementor-element elementor-element-eda068e elementor-widget elementor-widget-text-editor\" data-id=\"eda068e\" data-element_type=\"widget\" data-widget_type=\"text-editor.default\">\n\t\t\t\t<div class=\"elementor-widget-container\">\n\t\t\t\t\t\t\t<p><strong>Av\u00eds legal.<\/strong><\/p>\n<p>Li agraim que hagi decidit visitar-nos. Volem que la seva experi\u00e8ncia a la nostra web sigui el millor possible.<\/p>\n<p>L&#8217;acc\u00e9s i la navegaci\u00f3 al lloc web, o l&#8217;\u00fas dels seus serveis, implica l&#8217;acceptaci\u00f3 expressa i completa de totes i cadascuna de les presents Condicions Generals, incloses tant les Condicions Particulars establertes per a certes promocions, com tamb\u00e9 de les Pol\u00edtiques de Privacitat i de les Cookies, relacionades amb la normativa vigent en mat\u00e8ria de Protecci\u00f3 de Dades Personals. Per favor, li recomanem que les llegeixi amb atenci\u00f3 per saber quin tipus de dades es recullen a trav\u00e9s de la nostra web, amb quines finalitats i quins drets relacionats amb aix\u00f2 li concerneixen.<\/p>\n<p><strong>1.- Informaci\u00f3 Legal.<\/strong><\/p>\n<p>En compliment de la Llei 34\/2002, del 11 de juliol, de Serveis de la Societat de la Informaci\u00f3 i de Comer\u00e7 Electr\u00f2nic, les dades identificatives del titular del Portal Web s\u00f3n:<\/p>\n<figure class=\"wp-block-table\">\n<table>\n<tbody>\n<tr>\n<td><strong>Identitat<\/strong><\/td>\n<td><strong>Col\u00b7legi. Pureza de Maria<\/strong><\/td>\n<\/tr>\n<tr>\n<td><strong>CIF:<\/strong><\/td>\n<td>R4600469C<\/td>\n<\/tr>\n<tr>\n<td><strong>Direcci\u00f3 postal:<\/strong><\/td>\n<p>Av. del Cid, 142 \u2013 46014 \u2013 Val\u00e8ncia (VAL\u00c8NCIA).<\/p>\n<td><\/td>\n<\/tr>\n<tr>\n<td><strong>Tel\u00e8fon<\/strong><\/td>\n<td>963791200<\/td>\n<\/tr>\n<tr>\n<td><strong>Correo-e<\/strong><\/td>\n<td>administracion@pmaria-cid.org<\/td>\n<\/tr>\n<tr>\n<td><strong>Contacte DPD.: (en su caso)<\/strong><\/td>\n<td>dpd@prodatvalencia.es<\/td>\n<\/tr>\n<tr>\n<td><strong>URL:<\/strong><\/td>\n<td>http:\/\/pmaria-cid.org\/<\/td>\n<\/tr>\n<\/tbody>\n<\/table>\n<\/figure>\n<p>L&#8217;acc\u00e9s al web suposa l&#8217;acceptaci\u00f3 expressa de l&#8217;Usuari a les presents Condicions Generals d&#8217;\u00das, les quals podran ser modificades total o parcialment o substitu\u00efdes per altres pel seu titular en qualsevol moment sense previ av\u00eds. Li recomanem que accedeixi a les presents condicions de tant en tant per comprovar les seves possibles modificacions, les quals es publicaran en el mateix apartat.<\/p>\n<p><strong>2.- Condicions Generals d&#8217;\u00das.<\/strong><\/p>\n<p>Les seg\u00fcents Condicions Generals regulen l&#8217;\u00fas i l&#8217;acc\u00e9s al portal web, amb la finalitat d&#8217;establir pautes de bon \u00fas i comportament del mateix. El Col\u00b7legi Pureza de Maria posa a disposici\u00f3 dels usuaris informaci\u00f3 sobre l&#8217;\u00fas, els serveis i els continguts que s&#8217;allotgen al web. A trav\u00e9s d&#8217;aquesta, l&#8217;Usuari pot tenir acc\u00e9s a informaci\u00f3 sobre productes i serveis espec\u00edfics, eines i aplicacions.<\/p>\n<p>Les dades i informacions sobre productes o serveis, preus i caracter\u00edstiques o altres dades rellevants oferides a trav\u00e9s de la p\u00e0gina web s\u00f3n realitzades, proporcionades i actualitzades per prove\u00efdors i terceres empreses. El Col\u00b7legi Pureza de Maria no \u00e9s, en cap cas, responsable d&#8217;aquestes dades i informacions ni assumeix cap obligaci\u00f3 sobre les mateixes.<\/p>\n<p>L&#8217;Usuari es compromet a fer un \u00fas adequat dels continguts, serveis, aplicacions i eines que estan accessibles, amb sotmetiment a la Llei i a les presents Condicions Generals d&#8217;\u00das i, en el seu cas, a les Condicions Particulars que puguin establir-se per a l&#8217;acc\u00e9s a determinats serveis i aplicacions, respectant en tot moment als altres Usuaris de la mateixa.<\/p>\n<p>En cas de incompliment total i\/o parcial per part de l&#8217;Usuari de les presents Condicions Generals d&#8217;\u00das, el Col\u00b7legi Pureza de Maria es reserva el dret de denegar l&#8217;acc\u00e9s al web, sense necessitat de previ av\u00eds a l&#8217;Usuari.<\/p>\n<p><strong>3.- Obligacions Generals de l&#8217;Usuari.<\/strong><\/p>\n<p>L&#8217;Usuari, en acceptar les presents Condicions Generals d&#8217;\u00das, s&#8217;obliga expressament a:<\/p>\n<p>-No realitzar cap acci\u00f3 destinada a perjudicar, bloquejar, danyar, inutilitzar, sobrecarregar, de forma temporal o definitiva, les funcionalitats, eines, continguts i\/o la infraestructura de la p\u00e0gina web, de manera que impedeixi la seva utilitzaci\u00f3 normal.<\/p>\n<p>Custodiar i mantenir la confidencialitat de les claus d&#8217;acc\u00e9s associades al seu nom d&#8217;Usuari, sent responsable de la utilitzaci\u00f3 d&#8217;aquestes claus d&#8217;acc\u00e9s personals i intransferibles per part de tercers.<\/p>\n<p>No introduir ni realitzar continguts injuriosos o calumniosos, tant d&#8217;altres Usuaris com de terceres empreses alienes al Col\u00b7legi Pureza de Maria.<\/p>\n<p>No utilitzar cap dels materials i informacions continguts en aquest lloc web amb fins il\u00b7l\u00edcits i\/o expressament prohibit en les presents Condicions Generals d&#8217;\u00das, aix\u00ed com a les condicions particulars que, si escau, s&#8217;estableixin per a determinades aplicacions i\/o utilitats i que resultin contraris als drets i interessos del Col\u00b7legi Pureza de Maria, els seus usuaris i\/o tercers.<\/p>\n<p>No oferir ni distribuir productes i serveis, ni realitzar publicitat o comunicacions comercials no sol\u00b7licitades a altres Usuaris i visitants del Col\u00b7legi Pureza de Maria.<\/p>\n<p>El usuari respondr\u00e0 de tots els danys i perjudicis de tota naturalesa que el Col\u00b7legi Pureza de Maria o qualsevol tercer pugui patir com a conseq\u00fc\u00e8ncia del incompliment de qualsevol de les obligacions a les quals queda sotm\u00e8s per virtut d&#8217;aquestes &#8220;Condicions Generals d&#8217;\u00das&#8221; o de la llei en relaci\u00f3 amb l&#8217;acc\u00e9s i\/o utilitzaci\u00f3 de la p\u00e0gina.<\/p>\n<p><strong>4.- Propietat Intel\u00b7lectual i Industrial.<\/strong><\/p>\n<p>El lloc web, les p\u00e0gines que inclou i la informaci\u00f3 o elements continguts en elles (incloent-hi textos, documents, fotografies, dibuixos, representacions gr\u00e0fiques, dels quals sigui titular o dels quals siguin titulars tercers que autoritzen al propietari a la seva utilitzaci\u00f3, entre altres), aix\u00ed com els logotips, marques, noms comercials o altres signes distintius, estan protegits pels drets de propietat intel\u00b7lectual i\/o industrial, dels quals el Col\u00b7legi Pureza de Mar\u00eda n&#8217;\u00e9s titular o ostenta autoritzaci\u00f3 per a la seva utilitzaci\u00f3 i comunicaci\u00f3 p\u00fablica dels leg\u00edtims titulars d&#8217;aquests.<\/p>\n<p>L&#8217;Usuari s&#8217;obliga a fer un \u00fas diligent i correcte dels continguts, d&#8217;acord amb la llei, la moral i l&#8217;ordre p\u00fablic. El Col\u00b7legi Pureza de Mar\u00eda autoritza l&#8217;Usuari per visualitzar la informaci\u00f3 continguda en aquest lloc web, aix\u00ed com per realitzar reproduccions privades (activitat senzilla de desc\u00e0rrega i emmagatzematge en els seus sistemes inform\u00e0tics), sempre i quan els elements siguin destinats \u00fanicament per a \u00fas personal. En cap cas, aix\u00f2 significar\u00e0 una autoritzaci\u00f3 o llic\u00e8ncia sobre els drets de propietat del Col\u00b7legi Pureza de Mar\u00eda o dels leg\u00edtims titulars dels mateixos.<\/p>\n<p>L&#8217;Usuari no est\u00e0 autoritzat per procedir a la distribuci\u00f3, modificaci\u00f3, cessi\u00f3 o comunicaci\u00f3 p\u00fablica de la informaci\u00f3 continguda en aquest lloc web en cap forma i sigui quina sigui la seva finalitat.<\/p>\n<p><strong>5.- Enlla\u00e7os.<\/strong><\/p>\n<p>Les connexions i enlla\u00e7os a llocs o p\u00e0gines web de tercers s&#8217;han establert \u00fanicament com una utilitat per a l&#8217;Usuari. El Col\u00b7legi Pureza de Mar\u00eda no \u00e9s, en cap cas, responsable de les mateixes o del seu contingut.<\/p>\n<p>El Col\u00b7legi Pureza de Mar\u00eda no assumeix cap responsabilitat derivada de l&#8217;exist\u00e8ncia d&#8217;enlla\u00e7os entre els continguts d&#8217;aquest lloc i els continguts situats fora del mateix, o de qualsevol altra menci\u00f3 de continguts externs a aquest lloc. Tals enlla\u00e7os o mencions tenen una finalitat exclusivament informativa i, en cap cas, implica el suport, aprovaci\u00f3, comercialitzaci\u00f3 o relaci\u00f3 alguna entre el Col\u00b7legi Pureza de Mar\u00eda i les persones o entitats autors i\/o gestores d&#8217;aquests continguts o titulars dels llocs on es trobin.<\/p>\n<p>Per realitzar enlla\u00e7os amb la p\u00e0gina web ser\u00e0 necess\u00e0ria l&#8217;autoritzaci\u00f3 expressa i per escrit dels titulars del portal.<\/p>\n<p><strong>6.- Responsabilitat.<\/strong><\/p>\n<p>El Col\u00b7legi Pureza de Mar\u00eda no garanteix l&#8217;acc\u00e9s continuat, ni la correcta visualitzaci\u00f3, desc\u00e0rrega o utilitat dels elements i informaci\u00f3 continguts a les p\u00e0gines del portal que poden veure&#8217;s impedits, dificultats o interromputs per factors o circumst\u00e0ncies fora del seu control o alienes a la seva voluntat, ni dels que siguin produ\u00efts per l&#8217;exist\u00e8ncia de virus inform\u00e0tics a Internet.<\/p>\n<p>El Col\u00b7legi Pureza de Mar\u00eda no assumeix cap responsabilitat pels danys, perjudicis, p\u00e8rdues, reclamacions o despeses causades per:<\/p>\n<p>(i) Interfer\u00e8ncies, interrupcions, fallades, omissions, retards, bloqueigs o desconnexions, motivades per errors en les l\u00ednies i xarxes de telecomunicacions o per qualsevol altra causa aliena al control del Col\u00b7legi Pureza de Mar\u00eda;<\/p>\n<p>(ii) Intromissions il\u00b7leg\u00edtimes mitjan\u00e7ant l&#8217;\u00fas de programes maliciosos de qualsevol tipus i a trav\u00e9s de qualsevol mitj\u00e0 de comunicaci\u00f3, com ara virus inform\u00e0tics o qualsevol altres;<\/p>\n<p>(iii) \u00das indegut o inadequat de la p\u00e0gina web del Col\u00b7legi Pureza de Mar\u00eda;<\/p>\n<p>(iv) Errors de seguretat o navegaci\u00f3 produ\u00efts per un mal funcionament del navegador o per l&#8217;\u00fas de versions no actualitzades.<\/p>\n<p>El Col\u00b7legi Pureza de Mar\u00eda no \u00e9s responsable ni en cap cas respondr\u00e0 davant dels usuaris i tercers pels actes de qualsevol tercer ali\u00e8 al Col\u00b7legi Pureza de Mar\u00eda que impliquin o puguin suposar la realitzaci\u00f3 d&#8217;actes de compet\u00e8ncia deslleial i publicitat il\u00b7l\u00edcita o la infracci\u00f3 dels drets de propietat intel\u00b7lectual i industrial, dels secrets empresarials, de compromisos contractuales de qualsevol classe, dels drets a l&#8217;honor, a la intimitat personal i familiar i a la imatge, dels drets de propietat i de tota altra naturalesa pertanyent a un tercer per ra\u00f3 de la transmissi\u00f3, difusi\u00f3, emmagatzematge, posada a disposici\u00f3, recepci\u00f3, obtenci\u00f3 o acc\u00e9s als continguts.<\/p>\n<p><strong>7.- Protecci\u00f3 de Dades de Car\u00e0cter Personal.<\/strong><\/p>\n<p>Tota la pol\u00edtica de tractament de dades personals la trobar\u00e0 a la Pol\u00edtica de Privacitat, que forma part integrant d&#8217;aquestes Condicions Generals per\u00f2 que, per simplicitat, hem col\u00b7locat en un document separat: Pol\u00edtica de Privacitat.<\/p>\n<p><strong>8.- Legislaci\u00f3.<\/strong><\/p>\n<p>El present Av\u00eds Legal i els seus termes i condicions es regiran i interpretaran d&#8217;acord amb la Lleislati\u00f3 Espanyola. El usuari, pel simple fet d&#8217;accedir a la p\u00e0gina web o d&#8217;obtenir la condici\u00f3 d&#8217;usuari registrat, atorga, de forma irrevocable, el seu consentiment a qu\u00e8 els Tribunals competents per defecte puguin con\u00e8ixer de qualsevol acci\u00f3 judicial derivada de o relacionada amb les presents condicions, o amb el seu \u00fas d&#8217;aquest Lloc o la navegaci\u00f3 realitzada pel mateix. <\/p>\n<p>Si alguna cl\u00e0usula o apartat d&#8217;aquestes Condicions Generals, que no sigui de naturalesa essencial per a la seva exist\u00e8ncia, \u00e9s declarada nul\u00b7la o inaplicable, la validesa de les restants cl\u00e0usules no es veur\u00e0 afectada.<\/p>\n\t\t\t\t\t\t<\/div>\n\t\t\t\t<\/div>\n\t\t\t\t\t<\/div>\n\t\t<\/div>\n\t\t\t\t\t<\/div>\n\t\t<\/section>\n\t\t\t\t<\/div>\n\t\t","protected":false},"excerpt":{"rendered":"<p>Av\u00eds legal. Av\u00eds legal. Li agraim que hagi decidit visitar-nos. Volem que la seva experi\u00e8ncia a la nostra web sigui el millor possible. L&#8217;acc\u00e9s i la navegaci\u00f3 al lloc web, o l&#8217;\u00fas dels seus serveis, implica l&#8217;acceptaci\u00f3 expressa i completa de totes i cadascuna de les presents Condicions Generals, incloses tant les Condicions Particulars establertes [&hellip;]<\/p>\n","protected":false},"author":4,"featured_media":0,"parent":0,"menu_order":0,"comment_status":"closed","ping_status":"closed","template":"elementor_header_footer","meta":{"footnotes":""},"class_list":["post-6057","page","type-page","status-publish","hentry"],"yoast_head":"<!-- This site is optimized with the Yoast SEO plugin v27.4 - https:\/\/yoast.com\/product\/yoast-seo-wordpress\/ -->\n<title>Av\u00eds legal. - Pureza de Mar\u00eda Madrid<\/title>\n<meta name=\"robots\" content=\"index, follow, max-snippet:-1, max-image-preview:large, max-video-preview:-1\" \/>\n<link rel=\"canonical\" href=\"https:\/\/pmaria-cid.org\/ca\/avis-legal\/\" \/>\n<meta property=\"og:locale\" content=\"ca_ES\" \/>\n<meta property=\"og:type\" content=\"article\" \/>\n<meta property=\"og:title\" content=\"Av\u00eds legal. - Pureza de Mar\u00eda Madrid\" \/>\n<meta property=\"og:description\" content=\"Av\u00eds legal. Av\u00eds legal. Li agraim que hagi decidit visitar-nos. Volem que la seva experi\u00e8ncia a la nostra web sigui el millor possible. L&#8217;acc\u00e9s i la navegaci\u00f3 al lloc web, o l&#8217;\u00fas dels seus serveis, implica l&#8217;acceptaci\u00f3 expressa i completa de totes i cadascuna de les presents Condicions Generals, incloses tant les Condicions Particulars establertes [&hellip;]\" \/>\n<meta property=\"og:url\" content=\"https:\/\/pmaria-cid.org\/ca\/avis-legal\/\" \/>\n<meta property=\"og:site_name\" content=\"Pureza de Mar\u00eda Madrid\" \/>\n<meta property=\"article:publisher\" content=\"https:\/\/www.facebook.com\/pmariacid\" \/>\n<meta property=\"article:modified_time\" content=\"2024-05-16T08:41:25+00:00\" \/>\n<meta property=\"og:image\" content=\"https:\/\/pmaria-cid.org\/wp-content\/uploads\/2022\/09\/Fachada_03-1418x945-1.jpg\" \/>\n\t<meta property=\"og:image:width\" content=\"1418\" \/>\n\t<meta property=\"og:image:height\" content=\"945\" \/>\n\t<meta property=\"og:image:type\" content=\"image\/jpeg\" \/>\n<meta name=\"twitter:card\" content=\"summary_large_image\" \/>\n<meta name=\"twitter:site\" content=\"@pmariacid\" \/>\n<meta name=\"twitter:label1\" content=\"Temps estimat de lectura\" \/>\n\t<meta name=\"twitter:data1\" content=\"8 minuts\" \/>\n<script type=\"application\/ld+json\" class=\"yoast-schema-graph\">{\"@context\":\"https:\\\/\\\/schema.org\",\"@graph\":[{\"@type\":\"WebPage\",\"@id\":\"https:\\\/\\\/pmaria-cid.org\\\/ca\\\/avis-legal\\\/\",\"url\":\"https:\\\/\\\/pmaria-cid.org\\\/ca\\\/avis-legal\\\/\",\"name\":\"Av\u00eds legal. - Pureza de Mar\u00eda Madrid\",\"isPartOf\":{\"@id\":\"https:\\\/\\\/pmaria-cid.org\\\/ca\\\/#website\"},\"datePublished\":\"2023-06-05T08:34:57+00:00\",\"dateModified\":\"2024-05-16T08:41:25+00:00\",\"breadcrumb\":{\"@id\":\"https:\\\/\\\/pmaria-cid.org\\\/ca\\\/avis-legal\\\/#breadcrumb\"},\"inLanguage\":\"ca\",\"potentialAction\":[{\"@type\":\"ReadAction\",\"target\":[\"https:\\\/\\\/pmaria-cid.org\\\/ca\\\/avis-legal\\\/\"]}]},{\"@type\":\"BreadcrumbList\",\"@id\":\"https:\\\/\\\/pmaria-cid.org\\\/ca\\\/avis-legal\\\/#breadcrumb\",\"itemListElement\":[{\"@type\":\"ListItem\",\"position\":1,\"name\":\"Portada\",\"item\":\"https:\\\/\\\/pmaria-cid.org\\\/ca\\\/\"},{\"@type\":\"ListItem\",\"position\":2,\"name\":\"Av\u00eds legal.\"}]},{\"@type\":\"WebSite\",\"@id\":\"https:\\\/\\\/pmaria-cid.org\\\/ca\\\/#website\",\"url\":\"https:\\\/\\\/pmaria-cid.org\\\/ca\\\/\",\"name\":\"Colegio Pureza de Mar\u00eda Valencia Cid\",\"description\":\"Colegio cat\u00f3lico privado-concertado. Educaci\u00f3n Infantil, Primaria, ESO y Bachillerato\",\"alternateName\":\"Pureza de Mar\u00eda Valencia Cid\",\"potentialAction\":[{\"@type\":\"SearchAction\",\"target\":{\"@type\":\"EntryPoint\",\"urlTemplate\":\"https:\\\/\\\/pmaria-cid.org\\\/ca\\\/?s={search_term_string}\"},\"query-input\":{\"@type\":\"PropertyValueSpecification\",\"valueRequired\":true,\"valueName\":\"search_term_string\"}}],\"inLanguage\":\"ca\"}]}<\/script>\n<!-- \/ Yoast SEO plugin. -->","yoast_head_json":{"title":"Av\u00eds legal. - Pureza de Mar\u00eda Madrid","robots":{"index":"index","follow":"follow","max-snippet":"max-snippet:-1","max-image-preview":"max-image-preview:large","max-video-preview":"max-video-preview:-1"},"canonical":"https:\/\/pmaria-cid.org\/ca\/avis-legal\/","og_locale":"ca_ES","og_type":"article","og_title":"Av\u00eds legal. - Pureza de Mar\u00eda Madrid","og_description":"Av\u00eds legal. Av\u00eds legal. Li agraim que hagi decidit visitar-nos. Volem que la seva experi\u00e8ncia a la nostra web sigui el millor possible. L&#8217;acc\u00e9s i la navegaci\u00f3 al lloc web, o l&#8217;\u00fas dels seus serveis, implica l&#8217;acceptaci\u00f3 expressa i completa de totes i cadascuna de les presents Condicions Generals, incloses tant les Condicions Particulars establertes [&hellip;]","og_url":"https:\/\/pmaria-cid.org\/ca\/avis-legal\/","og_site_name":"Pureza de Mar\u00eda Madrid","article_publisher":"https:\/\/www.facebook.com\/pmariacid","article_modified_time":"2024-05-16T08:41:25+00:00","og_image":[{"width":1418,"height":945,"url":"https:\/\/pmaria-cid.org\/wp-content\/uploads\/2022\/09\/Fachada_03-1418x945-1.jpg","type":"image\/jpeg"}],"twitter_card":"summary_large_image","twitter_site":"@pmariacid","twitter_misc":{"Temps estimat de lectura":"8 minuts"},"schema":{"@context":"https:\/\/schema.org","@graph":[{"@type":"WebPage","@id":"https:\/\/pmaria-cid.org\/ca\/avis-legal\/","url":"https:\/\/pmaria-cid.org\/ca\/avis-legal\/","name":"Av\u00eds legal. - Pureza de Mar\u00eda Madrid","isPartOf":{"@id":"https:\/\/pmaria-cid.org\/ca\/#website"},"datePublished":"2023-06-05T08:34:57+00:00","dateModified":"2024-05-16T08:41:25+00:00","breadcrumb":{"@id":"https:\/\/pmaria-cid.org\/ca\/avis-legal\/#breadcrumb"},"inLanguage":"ca","potentialAction":[{"@type":"ReadAction","target":["https:\/\/pmaria-cid.org\/ca\/avis-legal\/"]}]},{"@type":"BreadcrumbList","@id":"https:\/\/pmaria-cid.org\/ca\/avis-legal\/#breadcrumb","itemListElement":[{"@type":"ListItem","position":1,"name":"Portada","item":"https:\/\/pmaria-cid.org\/ca\/"},{"@type":"ListItem","position":2,"name":"Av\u00eds legal."}]},{"@type":"WebSite","@id":"https:\/\/pmaria-cid.org\/ca\/#website","url":"https:\/\/pmaria-cid.org\/ca\/","name":"Colegio Pureza de Mar\u00eda Valencia Cid","description":"Colegio cat\u00f3lico privado-concertado. Educaci\u00f3n Infantil, Primaria, ESO y Bachillerato","alternateName":"Pureza de Mar\u00eda Valencia Cid","potentialAction":[{"@type":"SearchAction","target":{"@type":"EntryPoint","urlTemplate":"https:\/\/pmaria-cid.org\/ca\/?s={search_term_string}"},"query-input":{"@type":"PropertyValueSpecification","valueRequired":true,"valueName":"search_term_string"}}],"inLanguage":"ca"}]}},"_links":{"self":[{"href":"https:\/\/pmaria-cid.org\/ca\/wp-json\/wp\/v2\/pages\/6057","targetHints":{"allow":["GET"]}}],"collection":[{"href":"https:\/\/pmaria-cid.org\/ca\/wp-json\/wp\/v2\/pages"}],"about":[{"href":"https:\/\/pmaria-cid.org\/ca\/wp-json\/wp\/v2\/types\/page"}],"author":[{"embeddable":true,"href":"https:\/\/pmaria-cid.org\/ca\/wp-json\/wp\/v2\/users\/4"}],"replies":[{"embeddable":true,"href":"https:\/\/pmaria-cid.org\/ca\/wp-json\/wp\/v2\/comments?post=6057"}],"version-history":[{"count":0,"href":"https:\/\/pmaria-cid.org\/ca\/wp-json\/wp\/v2\/pages\/6057\/revisions"}],"wp:attachment":[{"href":"https:\/\/pmaria-cid.org\/ca\/wp-json\/wp\/v2\/media?parent=6057"}],"curies":[{"name":"wp","href":"https:\/\/api.w.org\/{rel}","templated":true}]}}