{"id":6437,"date":"2023-03-20T11:58:11","date_gmt":"2023-03-20T11:58:11","guid":{"rendered":"https:\/\/pmaria-cid.org\/objectiu-del-curs\/"},"modified":"2024-04-22T10:51:57","modified_gmt":"2024-04-22T10:51:57","slug":"objectiu-del-curs","status":"publish","type":"page","link":"https:\/\/pmaria-cid.org\/ca\/objectiu-del-curs\/","title":{"rendered":"Objectiu del curs"},"content":{"rendered":"\t\t<div data-elementor-type=\"wp-page\" data-elementor-id=\"6437\" class=\"elementor elementor-6437 elementor-1985\" data-elementor-post-type=\"page\">\n\t\t\t\t\t\t<section class=\"elementor-section elementor-top-section elementor-element elementor-element-5ce3955d elementor-section-full_width elementor-section-height-default elementor-section-height-default\" data-id=\"5ce3955d\" data-element_type=\"section\" data-settings=\"{&quot;background_background&quot;:&quot;classic&quot;,&quot;jet_parallax_layout_list&quot;:[{&quot;_id&quot;:&quot;08400e4&quot;,&quot;jet_parallax_layout_image&quot;:{&quot;url&quot;:&quot;&quot;,&quot;id&quot;:&quot;&quot;,&quot;size&quot;:&quot;&quot;},&quot;jet_parallax_layout_image_tablet&quot;:{&quot;url&quot;:&quot;&quot;,&quot;id&quot;:&quot;&quot;,&quot;size&quot;:&quot;&quot;},&quot;jet_parallax_layout_image_mobile&quot;:{&quot;url&quot;:&quot;&quot;,&quot;id&quot;:&quot;&quot;,&quot;size&quot;:&quot;&quot;},&quot;jet_parallax_layout_speed&quot;:{&quot;unit&quot;:&quot;%&quot;,&quot;size&quot;:50,&quot;sizes&quot;:[]},&quot;jet_parallax_layout_type&quot;:&quot;scroll&quot;,&quot;jet_parallax_layout_direction&quot;:null,&quot;jet_parallax_layout_fx_direction&quot;:null,&quot;jet_parallax_layout_z_index&quot;:&quot;&quot;,&quot;jet_parallax_layout_bg_x&quot;:50,&quot;jet_parallax_layout_bg_x_tablet&quot;:&quot;&quot;,&quot;jet_parallax_layout_bg_x_mobile&quot;:&quot;&quot;,&quot;jet_parallax_layout_bg_y&quot;:50,&quot;jet_parallax_layout_bg_y_tablet&quot;:&quot;&quot;,&quot;jet_parallax_layout_bg_y_mobile&quot;:&quot;&quot;,&quot;jet_parallax_layout_bg_size&quot;:&quot;auto&quot;,&quot;jet_parallax_layout_bg_size_tablet&quot;:&quot;&quot;,&quot;jet_parallax_layout_bg_size_mobile&quot;:&quot;&quot;,&quot;jet_parallax_layout_animation_prop&quot;:&quot;transform&quot;,&quot;jet_parallax_layout_on&quot;:[&quot;desktop&quot;,&quot;tablet&quot;]}]}\">\n\t\t\t\t\t\t<div class=\"elementor-container elementor-column-gap-default\">\n\t\t\t\t\t<div class=\"elementor-column elementor-col-50 elementor-top-column elementor-element elementor-element-e79a769\" data-id=\"e79a769\" data-element_type=\"column\">\n\t\t\t<div class=\"elementor-widget-wrap elementor-element-populated\">\n\t\t\t\t\t\t<div class=\"elementor-element elementor-element-44bfd2f4 elementor-widget elementor-widget-heading\" data-id=\"44bfd2f4\" data-element_type=\"widget\" data-widget_type=\"heading.default\">\n\t\t\t\t<div class=\"elementor-widget-container\">\n\t\t\t<h2 class=\"elementor-heading-title elementor-size-default\">Objectiu del curs<\/h2>\t\t<\/div>\n\t\t\t\t<\/div>\n\t\t\t\t\t<\/div>\n\t\t<\/div>\n\t\t\t\t<div class=\"elementor-column elementor-col-50 elementor-top-column elementor-element elementor-element-6eb03266\" data-id=\"6eb03266\" data-element_type=\"column\">\n\t\t\t<div class=\"elementor-widget-wrap elementor-element-populated\">\n\t\t\t\t\t\t<div class=\"elementor-element elementor-element-4ec714d8 elementor-widget elementor-widget-text-editor\" data-id=\"4ec714d8\" data-element_type=\"widget\" data-widget_type=\"text-editor.default\">\n\t\t\t\t<div class=\"elementor-widget-container\">\n\t\t\t\t\t\t\t<p><span style=\"font-weight: 400;\">\u00a1Del bo, el millor!<\/span><\/p>\n\t\t\t\t\t\t<\/div>\n\t\t\t\t<\/div>\n\t\t\t\t\t<\/div>\n\t\t<\/div>\n\t\t\t\t\t<\/div>\n\t\t<\/section>\n\t\t\t\t<section class=\"elementor-section elementor-top-section elementor-element elementor-element-4b038dcc elementor-section-full_width elementor-section-height-default elementor-section-height-default\" data-id=\"4b038dcc\" data-element_type=\"section\" data-settings=\"{&quot;background_background&quot;:&quot;classic&quot;,&quot;jet_parallax_layout_list&quot;:[{&quot;_id&quot;:&quot;dde5232&quot;,&quot;jet_parallax_layout_image&quot;:{&quot;url&quot;:&quot;&quot;,&quot;id&quot;:&quot;&quot;,&quot;size&quot;:&quot;&quot;},&quot;jet_parallax_layout_image_tablet&quot;:{&quot;url&quot;:&quot;&quot;,&quot;id&quot;:&quot;&quot;,&quot;size&quot;:&quot;&quot;},&quot;jet_parallax_layout_image_mobile&quot;:{&quot;url&quot;:&quot;&quot;,&quot;id&quot;:&quot;&quot;,&quot;size&quot;:&quot;&quot;},&quot;jet_parallax_layout_speed&quot;:{&quot;unit&quot;:&quot;%&quot;,&quot;size&quot;:50,&quot;sizes&quot;:[]},&quot;jet_parallax_layout_type&quot;:&quot;scroll&quot;,&quot;jet_parallax_layout_direction&quot;:null,&quot;jet_parallax_layout_fx_direction&quot;:null,&quot;jet_parallax_layout_z_index&quot;:&quot;&quot;,&quot;jet_parallax_layout_bg_x&quot;:50,&quot;jet_parallax_layout_bg_x_tablet&quot;:&quot;&quot;,&quot;jet_parallax_layout_bg_x_mobile&quot;:&quot;&quot;,&quot;jet_parallax_layout_bg_y&quot;:50,&quot;jet_parallax_layout_bg_y_tablet&quot;:&quot;&quot;,&quot;jet_parallax_layout_bg_y_mobile&quot;:&quot;&quot;,&quot;jet_parallax_layout_bg_size&quot;:&quot;auto&quot;,&quot;jet_parallax_layout_bg_size_tablet&quot;:&quot;&quot;,&quot;jet_parallax_layout_bg_size_mobile&quot;:&quot;&quot;,&quot;jet_parallax_layout_animation_prop&quot;:&quot;transform&quot;,&quot;jet_parallax_layout_on&quot;:[&quot;desktop&quot;,&quot;tablet&quot;]}]}\">\n\t\t\t\t\t\t<div class=\"elementor-container elementor-column-gap-default\">\n\t\t\t\t\t<div class=\"elementor-column elementor-col-50 elementor-top-column elementor-element elementor-element-55a17a48\" data-id=\"55a17a48\" data-element_type=\"column\">\n\t\t\t<div class=\"elementor-widget-wrap elementor-element-populated\">\n\t\t\t\t\t\t<div class=\"elementor-element elementor-element-2f21fd41 elementor-widget elementor-widget-heading\" data-id=\"2f21fd41\" data-element_type=\"widget\" data-widget_type=\"heading.default\">\n\t\t\t\t<div class=\"elementor-widget-container\">\n\t\t\t<h2 class=\"elementor-heading-title elementor-size-default\">\u00a1Del bo, el millor!<\/h2>\t\t<\/div>\n\t\t\t\t<\/div>\n\t\t\t\t<div class=\"elementor-element elementor-element-697d6125 elementor-widget elementor-widget-text-editor\" data-id=\"697d6125\" data-element_type=\"widget\" data-widget_type=\"text-editor.default\">\n\t\t\t\t<div class=\"elementor-widget-container\">\n\t\t\t\t\t\t\t<p>Aquest curs, se t&#8217;invita a tenir el valor de parar-te, reflexionar i triar&#8230; per\u00f2 no entre una cosa BONA i una altra MALE\u00cfDA, sin\u00f3 entre dues coses BONES&#8230;<\/p>\n<p>Molta sort i a triar sempre el millor del bo!<\/p><\/p>\n\t\t\t\t\t\t<\/div>\n\t\t\t\t<\/div>\n\t\t\t\t\t<\/div>\n\t\t<\/div>\n\t\t\t\t<div class=\"elementor-column elementor-col-50 elementor-top-column elementor-element elementor-element-318a7dfc animated-slow elementor-invisible\" data-id=\"318a7dfc\" data-element_type=\"column\" data-settings=\"{&quot;animation&quot;:&quot;fadeInUp&quot;}\">\n\t\t\t<div class=\"elementor-widget-wrap elementor-element-populated\">\n\t\t\t\t\t\t<div class=\"elementor-element elementor-element-96c6cb9 elementor-widget elementor-widget-image\" data-id=\"96c6cb9\" data-element_type=\"widget\" data-widget_type=\"image.default\">\n\t\t\t\t<div class=\"elementor-widget-container\">\n\t\t\t\t\t\t\t\t\t\t\t\t\t<img fetchpriority=\"high\" decoding=\"async\" width=\"800\" height=\"600\" src=\"https:\/\/pmaria-cid.org\/wp-content\/uploads\/2023\/09\/IMG-4844-1024x768.jpg\" class=\"attachment-large size-large wp-image-4066\" alt=\"\" srcset=\"https:\/\/pmaria-cid.org\/wp-content\/uploads\/2023\/09\/IMG-4844-1024x768.jpg 1024w, https:\/\/pmaria-cid.org\/wp-content\/uploads\/2023\/09\/IMG-4844-300x225.jpg 300w, https:\/\/pmaria-cid.org\/wp-content\/uploads\/2023\/09\/IMG-4844-768x576.jpg 768w, https:\/\/pmaria-cid.org\/wp-content\/uploads\/2023\/09\/IMG-4844-1536x1152.jpg 1536w, https:\/\/pmaria-cid.org\/wp-content\/uploads\/2023\/09\/IMG-4844-2048x1536.jpg 2048w\" sizes=\"(max-width: 800px) 100vw, 800px\" \/>\t\t\t\t\t\t\t\t\t\t\t\t\t<\/div>\n\t\t\t\t<\/div>\n\t\t\t\t\t<\/div>\n\t\t<\/div>\n\t\t\t\t\t<\/div>\n\t\t<\/section>\n\t\t\t\t<\/div>\n\t\t","protected":false},"excerpt":{"rendered":"<p>Objectiu del curs \u00a1Del bo, el millor! \u00a1Del bo, el millor! Aquest curs, se t&#8217;invita a tenir el valor de parar-te, reflexionar i triar&#8230; per\u00f2 no entre una cosa BONA i una altra MALE\u00cfDA, sin\u00f3 entre dues coses BONES&#8230; Molta sort i a triar sempre el millor del bo!<\/p>\n","protected":false},"author":4,"featured_media":0,"parent":0,"menu_order":0,"comment_status":"closed","ping_status":"closed","template":"","meta":{"footnotes":""},"class_list":["post-6437","page","type-page","status-publish","hentry"],"yoast_head":"<!-- This site is optimized with the Yoast SEO plugin v27.4 - https:\/\/yoast.com\/product\/yoast-seo-wordpress\/ -->\n<title>Objectiu del curs - Pureza de Mar\u00eda Madrid<\/title>\n<meta name=\"robots\" content=\"index, follow, max-snippet:-1, max-image-preview:large, max-video-preview:-1\" \/>\n<link rel=\"canonical\" href=\"https:\/\/pmaria-cid.org\/ca\/objectiu-del-curs\/\" \/>\n<meta property=\"og:locale\" content=\"ca_ES\" \/>\n<meta property=\"og:type\" content=\"article\" \/>\n<meta property=\"og:title\" content=\"Objectiu del curs - Pureza de Mar\u00eda Madrid\" \/>\n<meta property=\"og:description\" content=\"Objectiu del curs \u00a1Del bo, el millor! \u00a1Del bo, el millor! Aquest curs, se t&#8217;invita a tenir el valor de parar-te, reflexionar i triar&#8230; per\u00f2 no entre una cosa BONA i una altra MALE\u00cfDA, sin\u00f3 entre dues coses BONES&#8230; Molta sort i a triar sempre el millor del bo!\" \/>\n<meta property=\"og:url\" content=\"https:\/\/pmaria-cid.org\/ca\/objectiu-del-curs\/\" \/>\n<meta property=\"og:site_name\" content=\"Pureza de Mar\u00eda Madrid\" \/>\n<meta property=\"article:publisher\" content=\"https:\/\/www.facebook.com\/pmariacid\" \/>\n<meta property=\"article:modified_time\" content=\"2024-04-22T10:51:57+00:00\" \/>\n<meta property=\"og:image\" content=\"https:\/\/pmaria-cid.org\/wp-content\/uploads\/2023\/09\/IMG-4844-scaled-e1693982682116-768x1024.jpg\" \/>\n<meta name=\"twitter:card\" content=\"summary_large_image\" \/>\n<meta name=\"twitter:site\" content=\"@pmariacid\" \/>\n<script type=\"application\/ld+json\" class=\"yoast-schema-graph\">{\"@context\":\"https:\\\/\\\/schema.org\",\"@graph\":[{\"@type\":\"WebPage\",\"@id\":\"https:\\\/\\\/pmaria-cid.org\\\/ca\\\/objectiu-del-curs\\\/\",\"url\":\"https:\\\/\\\/pmaria-cid.org\\\/ca\\\/objectiu-del-curs\\\/\",\"name\":\"Objectiu del curs - Pureza de Mar\u00eda Madrid\",\"isPartOf\":{\"@id\":\"https:\\\/\\\/pmaria-cid.org\\\/ca\\\/#website\"},\"primaryImageOfPage\":{\"@id\":\"https:\\\/\\\/pmaria-cid.org\\\/ca\\\/objectiu-del-curs\\\/#primaryimage\"},\"image\":{\"@id\":\"https:\\\/\\\/pmaria-cid.org\\\/ca\\\/objectiu-del-curs\\\/#primaryimage\"},\"thumbnailUrl\":\"https:\\\/\\\/pmaria-cid.org\\\/wp-content\\\/uploads\\\/2023\\\/09\\\/IMG-4844-scaled-e1693982682116-768x1024.jpg\",\"datePublished\":\"2023-03-20T11:58:11+00:00\",\"dateModified\":\"2024-04-22T10:51:57+00:00\",\"breadcrumb\":{\"@id\":\"https:\\\/\\\/pmaria-cid.org\\\/ca\\\/objectiu-del-curs\\\/#breadcrumb\"},\"inLanguage\":\"ca\",\"potentialAction\":[{\"@type\":\"ReadAction\",\"target\":[\"https:\\\/\\\/pmaria-cid.org\\\/ca\\\/objectiu-del-curs\\\/\"]}]},{\"@type\":\"ImageObject\",\"inLanguage\":\"ca\",\"@id\":\"https:\\\/\\\/pmaria-cid.org\\\/ca\\\/objectiu-del-curs\\\/#primaryimage\",\"url\":\"https:\\\/\\\/pmaria-cid.org\\\/wp-content\\\/uploads\\\/2023\\\/09\\\/IMG-4844-scaled-e1693982682116-768x1024.jpg\",\"contentUrl\":\"https:\\\/\\\/pmaria-cid.org\\\/wp-content\\\/uploads\\\/2023\\\/09\\\/IMG-4844-scaled-e1693982682116-768x1024.jpg\"},{\"@type\":\"BreadcrumbList\",\"@id\":\"https:\\\/\\\/pmaria-cid.org\\\/ca\\\/objectiu-del-curs\\\/#breadcrumb\",\"itemListElement\":[{\"@type\":\"ListItem\",\"position\":1,\"name\":\"Portada\",\"item\":\"https:\\\/\\\/pmaria-cid.org\\\/ca\\\/\"},{\"@type\":\"ListItem\",\"position\":2,\"name\":\"Objectiu del curs\"}]},{\"@type\":\"WebSite\",\"@id\":\"https:\\\/\\\/pmaria-cid.org\\\/ca\\\/#website\",\"url\":\"https:\\\/\\\/pmaria-cid.org\\\/ca\\\/\",\"name\":\"Colegio Pureza de Mar\u00eda Valencia Cid\",\"description\":\"Colegio cat\u00f3lico privado-concertado. Educaci\u00f3n Infantil, Primaria, ESO y Bachillerato\",\"alternateName\":\"Pureza de Mar\u00eda Valencia Cid\",\"potentialAction\":[{\"@type\":\"SearchAction\",\"target\":{\"@type\":\"EntryPoint\",\"urlTemplate\":\"https:\\\/\\\/pmaria-cid.org\\\/ca\\\/?s={search_term_string}\"},\"query-input\":{\"@type\":\"PropertyValueSpecification\",\"valueRequired\":true,\"valueName\":\"search_term_string\"}}],\"inLanguage\":\"ca\"}]}<\/script>\n<!-- \/ Yoast SEO plugin. -->","yoast_head_json":{"title":"Objectiu del curs - Pureza de Mar\u00eda Madrid","robots":{"index":"index","follow":"follow","max-snippet":"max-snippet:-1","max-image-preview":"max-image-preview:large","max-video-preview":"max-video-preview:-1"},"canonical":"https:\/\/pmaria-cid.org\/ca\/objectiu-del-curs\/","og_locale":"ca_ES","og_type":"article","og_title":"Objectiu del curs - Pureza de Mar\u00eda Madrid","og_description":"Objectiu del curs \u00a1Del bo, el millor! \u00a1Del bo, el millor! Aquest curs, se t&#8217;invita a tenir el valor de parar-te, reflexionar i triar&#8230; per\u00f2 no entre una cosa BONA i una altra MALE\u00cfDA, sin\u00f3 entre dues coses BONES&#8230; Molta sort i a triar sempre el millor del bo!","og_url":"https:\/\/pmaria-cid.org\/ca\/objectiu-del-curs\/","og_site_name":"Pureza de Mar\u00eda Madrid","article_publisher":"https:\/\/www.facebook.com\/pmariacid","article_modified_time":"2024-04-22T10:51:57+00:00","og_image":[{"url":"https:\/\/pmaria-cid.org\/wp-content\/uploads\/2023\/09\/IMG-4844-scaled-e1693982682116-768x1024.jpg","type":"","width":"","height":""}],"twitter_card":"summary_large_image","twitter_site":"@pmariacid","schema":{"@context":"https:\/\/schema.org","@graph":[{"@type":"WebPage","@id":"https:\/\/pmaria-cid.org\/ca\/objectiu-del-curs\/","url":"https:\/\/pmaria-cid.org\/ca\/objectiu-del-curs\/","name":"Objectiu del curs - Pureza de Mar\u00eda Madrid","isPartOf":{"@id":"https:\/\/pmaria-cid.org\/ca\/#website"},"primaryImageOfPage":{"@id":"https:\/\/pmaria-cid.org\/ca\/objectiu-del-curs\/#primaryimage"},"image":{"@id":"https:\/\/pmaria-cid.org\/ca\/objectiu-del-curs\/#primaryimage"},"thumbnailUrl":"https:\/\/pmaria-cid.org\/wp-content\/uploads\/2023\/09\/IMG-4844-scaled-e1693982682116-768x1024.jpg","datePublished":"2023-03-20T11:58:11+00:00","dateModified":"2024-04-22T10:51:57+00:00","breadcrumb":{"@id":"https:\/\/pmaria-cid.org\/ca\/objectiu-del-curs\/#breadcrumb"},"inLanguage":"ca","potentialAction":[{"@type":"ReadAction","target":["https:\/\/pmaria-cid.org\/ca\/objectiu-del-curs\/"]}]},{"@type":"ImageObject","inLanguage":"ca","@id":"https:\/\/pmaria-cid.org\/ca\/objectiu-del-curs\/#primaryimage","url":"https:\/\/pmaria-cid.org\/wp-content\/uploads\/2023\/09\/IMG-4844-scaled-e1693982682116-768x1024.jpg","contentUrl":"https:\/\/pmaria-cid.org\/wp-content\/uploads\/2023\/09\/IMG-4844-scaled-e1693982682116-768x1024.jpg"},{"@type":"BreadcrumbList","@id":"https:\/\/pmaria-cid.org\/ca\/objectiu-del-curs\/#breadcrumb","itemListElement":[{"@type":"ListItem","position":1,"name":"Portada","item":"https:\/\/pmaria-cid.org\/ca\/"},{"@type":"ListItem","position":2,"name":"Objectiu del curs"}]},{"@type":"WebSite","@id":"https:\/\/pmaria-cid.org\/ca\/#website","url":"https:\/\/pmaria-cid.org\/ca\/","name":"Colegio Pureza de Mar\u00eda Valencia Cid","description":"Colegio cat\u00f3lico privado-concertado. Educaci\u00f3n Infantil, Primaria, ESO y Bachillerato","alternateName":"Pureza de Mar\u00eda Valencia Cid","potentialAction":[{"@type":"SearchAction","target":{"@type":"EntryPoint","urlTemplate":"https:\/\/pmaria-cid.org\/ca\/?s={search_term_string}"},"query-input":{"@type":"PropertyValueSpecification","valueRequired":true,"valueName":"search_term_string"}}],"inLanguage":"ca"}]}},"_links":{"self":[{"href":"https:\/\/pmaria-cid.org\/ca\/wp-json\/wp\/v2\/pages\/6437","targetHints":{"allow":["GET"]}}],"collection":[{"href":"https:\/\/pmaria-cid.org\/ca\/wp-json\/wp\/v2\/pages"}],"about":[{"href":"https:\/\/pmaria-cid.org\/ca\/wp-json\/wp\/v2\/types\/page"}],"author":[{"embeddable":true,"href":"https:\/\/pmaria-cid.org\/ca\/wp-json\/wp\/v2\/users\/4"}],"replies":[{"embeddable":true,"href":"https:\/\/pmaria-cid.org\/ca\/wp-json\/wp\/v2\/comments?post=6437"}],"version-history":[{"count":0,"href":"https:\/\/pmaria-cid.org\/ca\/wp-json\/wp\/v2\/pages\/6437\/revisions"}],"wp:attachment":[{"href":"https:\/\/pmaria-cid.org\/ca\/wp-json\/wp\/v2\/media?parent=6437"}],"curies":[{"name":"wp","href":"https:\/\/api.w.org\/{rel}","templated":true}]}}