{"id":6936,"date":"2023-02-01T12:38:17","date_gmt":"2023-02-01T12:38:17","guid":{"rendered":"https:\/\/pmaria-cid.org\/treballa-amb-nosaltres\/"},"modified":"2024-05-16T10:33:02","modified_gmt":"2024-05-16T10:33:02","slug":"treballa-amb-nosaltres","status":"publish","type":"page","link":"https:\/\/pmaria-cid.org\/ca\/treballa-amb-nosaltres\/","title":{"rendered":"Treballa amb nosaltres"},"content":{"rendered":"\t\t<div data-elementor-type=\"wp-page\" data-elementor-id=\"6936\" class=\"elementor elementor-6936 elementor-1788\" data-elementor-post-type=\"page\">\n\t\t\t\t\t\t<section class=\"elementor-section elementor-top-section elementor-element elementor-element-4ecd5679 elementor-section-full_width elementor-section-height-default elementor-section-height-default\" data-id=\"4ecd5679\" data-element_type=\"section\" data-settings=\"{&quot;background_background&quot;:&quot;classic&quot;,&quot;jet_parallax_layout_list&quot;:[{&quot;_id&quot;:&quot;08400e4&quot;,&quot;jet_parallax_layout_image&quot;:{&quot;url&quot;:&quot;&quot;,&quot;id&quot;:&quot;&quot;,&quot;size&quot;:&quot;&quot;},&quot;jet_parallax_layout_image_tablet&quot;:{&quot;url&quot;:&quot;&quot;,&quot;id&quot;:&quot;&quot;,&quot;size&quot;:&quot;&quot;},&quot;jet_parallax_layout_image_mobile&quot;:{&quot;url&quot;:&quot;&quot;,&quot;id&quot;:&quot;&quot;,&quot;size&quot;:&quot;&quot;},&quot;jet_parallax_layout_speed&quot;:{&quot;unit&quot;:&quot;%&quot;,&quot;size&quot;:50,&quot;sizes&quot;:[]},&quot;jet_parallax_layout_type&quot;:&quot;scroll&quot;,&quot;jet_parallax_layout_direction&quot;:null,&quot;jet_parallax_layout_fx_direction&quot;:null,&quot;jet_parallax_layout_z_index&quot;:&quot;&quot;,&quot;jet_parallax_layout_bg_x&quot;:50,&quot;jet_parallax_layout_bg_x_tablet&quot;:&quot;&quot;,&quot;jet_parallax_layout_bg_x_mobile&quot;:&quot;&quot;,&quot;jet_parallax_layout_bg_y&quot;:50,&quot;jet_parallax_layout_bg_y_tablet&quot;:&quot;&quot;,&quot;jet_parallax_layout_bg_y_mobile&quot;:&quot;&quot;,&quot;jet_parallax_layout_bg_size&quot;:&quot;auto&quot;,&quot;jet_parallax_layout_bg_size_tablet&quot;:&quot;&quot;,&quot;jet_parallax_layout_bg_size_mobile&quot;:&quot;&quot;,&quot;jet_parallax_layout_animation_prop&quot;:&quot;transform&quot;,&quot;jet_parallax_layout_on&quot;:[&quot;desktop&quot;,&quot;tablet&quot;]}]}\">\n\t\t\t\t\t\t<div class=\"elementor-container elementor-column-gap-default\">\n\t\t\t\t\t<div class=\"elementor-column elementor-col-50 elementor-top-column elementor-element elementor-element-5c94b327\" data-id=\"5c94b327\" data-element_type=\"column\">\n\t\t\t<div class=\"elementor-widget-wrap elementor-element-populated\">\n\t\t\t\t\t\t<div class=\"elementor-element elementor-element-1df14b4b elementor-widget elementor-widget-heading\" data-id=\"1df14b4b\" data-element_type=\"widget\" data-widget_type=\"heading.default\">\n\t\t\t\t<div class=\"elementor-widget-container\">\n\t\t\t<h2 class=\"elementor-heading-title elementor-size-default\">Treballa amb nosaltres<\/h2>\t\t<\/div>\n\t\t\t\t<\/div>\n\t\t\t\t\t<\/div>\n\t\t<\/div>\n\t\t\t\t<div class=\"elementor-column elementor-col-50 elementor-top-column elementor-element elementor-element-2f0cb08a\" data-id=\"2f0cb08a\" data-element_type=\"column\">\n\t\t\t<div class=\"elementor-widget-wrap elementor-element-populated\">\n\t\t\t\t\t\t<div class=\"elementor-element elementor-element-4513cf19 elementor-widget elementor-widget-text-editor\" data-id=\"4513cf19\" data-element_type=\"widget\" data-widget_type=\"text-editor.default\">\n\t\t\t\t<div class=\"elementor-widget-container\">\n\t\t\t\t\t\t\t<p><span style=\"font-weight: 400;\">Si li interessa entrar a formar part de la comunitat educativa Pureza de Mar\u00eda CID, no dubti en contactar amb nosaltres mitjan\u00e7ant el seg\u00fcent formulari.<\/span><\/p>\n\t\t\t\t\t\t<\/div>\n\t\t\t\t<\/div>\n\t\t\t\t\t<\/div>\n\t\t<\/div>\n\t\t\t\t\t<\/div>\n\t\t<\/section>\n\t\t\t\t<section class=\"elementor-section elementor-top-section elementor-element elementor-element-74a3482c elementor-section-boxed elementor-section-height-default elementor-section-height-default\" data-id=\"74a3482c\" data-element_type=\"section\" data-settings=\"{&quot;jet_parallax_layout_list&quot;:[],&quot;background_background&quot;:&quot;classic&quot;}\">\n\t\t\t\t\t\t<div class=\"elementor-container elementor-column-gap-default\">\n\t\t\t\t\t<div class=\"elementor-column elementor-col-100 elementor-top-column elementor-element elementor-element-462e3df1 elementor-invisible\" data-id=\"462e3df1\" data-element_type=\"column\" data-settings=\"{&quot;animation&quot;:&quot;fadeInRight&quot;}\">\n\t\t\t<div class=\"elementor-widget-wrap elementor-element-populated\">\n\t\t\t\t\t\t<div class=\"elementor-element elementor-element-559ec487 elementor-button-align-stretch elementor-widget elementor-widget-form\" data-id=\"559ec487\" data-element_type=\"widget\" data-settings=\"{&quot;step_next_label&quot;:&quot;Anterior&quot;,&quot;step_previous_label&quot;:&quot;Seg\\u00fcent&quot;,&quot;step_type&quot;:&quot;number&quot;,&quot;button_width&quot;:&quot;100&quot;,&quot;step_icon_shape&quot;:&quot;circle&quot;}\" data-widget_type=\"form.default\">\n\t\t\t\t<div class=\"elementor-widget-container\">\n\t\t\t\t\t<form class=\"elementor-form\" method=\"post\" name=\"Formulari Treballa amb nosaltres\">\n\t\t\t<input type=\"hidden\" name=\"post_id\" value=\"6936\"\/>\n\t\t\t<input type=\"hidden\" name=\"form_id\" value=\"559ec487\"\/>\n\t\t\t<input type=\"hidden\" name=\"referer_title\" value=\"Treballa amb nosaltres - Pureza de Mar\u00eda Madrid\" \/>\n\n\t\t\t\t\t\t\t<input type=\"hidden\" name=\"queried_id\" value=\"6936\"\/>\n\t\t\t\n\t\t\t<div class=\"elementor-form-fields-wrapper elementor-labels-above\">\n\t\t\t\t\t\t\t\t<div class=\"elementor-field-type-acceptance elementor-field-group elementor-column elementor-field-group-field_7167e8e elementor-col-100 elementor-field-required\">\n\t\t\t\t\t\t\t\t\t\t\t\t<label for=\"form-field-field_7167e8e\" class=\"elementor-field-label\">\n\t\t\t\t\t\t\t\tAcceptaci\u00f3 de condicions i normativa<br><br>L'acceptaci\u00f3 de les condicions implica que: afirma que totes les dades especificades en la seva sol\u00b7licitud s\u00f3n ver\u00eddiques i que est\u00e0 conforme que les seves dades siguin enviades als Serveis Administratius del Col\u00b7legi, i que puguin ser emmagatzemades i utilitzades per a la gesti\u00f3 i tr\u00e0mit d'aquesta sol\u00b7licitud En cap cas seran cedits Aix\u00ed mateix, vost\u00e8 pot exercir els seus drets d'acc\u00e9s, rectificaci\u00f3, supressi\u00f3 i oposici\u00f3, limitaci\u00f3 del tractament, portabilitat de dades i a no ser objecte de decisions individualitzades, aix\u00ed com retirar el consentiment prestat o reclamar davant l'Autoritat de Control, mitjan\u00e7ant les adreces, postal i electr\u00f2nica, indicades a l'apartat Responsable de la nostra Pol\u00edtica de privacitat, disponible i publicada a la nostra web: www.pmaria-cid.org.\t\t\t\t\t\t\t<\/label>\n\t\t\t\t\t\t\t\t<div class=\"elementor-field-subgroup\">\n\t\t\t<span class=\"elementor-field-option\">\n\t\t\t\t<input type=\"checkbox\" name=\"form_fields[field_7167e8e]\" id=\"form-field-field_7167e8e\" class=\"elementor-field elementor-size-sm  elementor-acceptance-field\" required=\"required\" aria-required=\"true\">\n\t\t\t\t<label for=\"form-field-field_7167e8e\">He llegit i accepto les indicacions i condicions i desitjo continuar amb la inscripci\u00f3<\/label>\t\t\t<\/span>\n\t\t<\/div>\n\t\t\t\t\t\t<\/div>\n\t\t\t\t\t\t\t\t<div class=\"elementor-field-type-text elementor-field-group elementor-column elementor-field-group-name elementor-col-50 elementor-field-required\">\n\t\t\t\t\t\t\t\t\t\t\t\t<label for=\"form-field-name\" class=\"elementor-field-label\">\n\t\t\t\t\t\t\t\tNom\t\t\t\t\t\t\t<\/label>\n\t\t\t\t\t\t\t\t\t\t\t\t\t\t<input size=\"1\" type=\"text\" name=\"form_fields[name]\" id=\"form-field-name\" class=\"elementor-field elementor-size-sm  elementor-field-textual\" required=\"required\" aria-required=\"true\">\n\t\t\t\t\t\t\t\t\t\t\t<\/div>\n\t\t\t\t\t\t\t\t<div class=\"elementor-field-type-text elementor-field-group elementor-column elementor-field-group-field_6e5b8fe elementor-col-50 elementor-field-required\">\n\t\t\t\t\t\t\t\t\t\t\t\t<label for=\"form-field-field_6e5b8fe\" class=\"elementor-field-label\">\n\t\t\t\t\t\t\t\tCognoms\t\t\t\t\t\t\t<\/label>\n\t\t\t\t\t\t\t\t\t\t\t\t\t\t<input size=\"1\" type=\"text\" name=\"form_fields[field_6e5b8fe]\" id=\"form-field-field_6e5b8fe\" class=\"elementor-field elementor-size-sm  elementor-field-textual\" required=\"required\" aria-required=\"true\">\n\t\t\t\t\t\t\t\t\t\t\t<\/div>\n\t\t\t\t\t\t\t\t<div class=\"elementor-field-type-text elementor-field-group elementor-column elementor-field-group-field_7a3a58b elementor-col-50 elementor-field-required\">\n\t\t\t\t\t\t\t\t\t\t\t\t<label for=\"form-field-field_7a3a58b\" class=\"elementor-field-label\">\n\t\t\t\t\t\t\t\tTel\u00e8fon\t\t\t\t\t\t\t<\/label>\n\t\t\t\t\t\t\t\t\t\t\t\t\t\t<input size=\"1\" type=\"text\" name=\"form_fields[field_7a3a58b]\" id=\"form-field-field_7a3a58b\" class=\"elementor-field elementor-size-sm  elementor-field-textual\" required=\"required\" aria-required=\"true\">\n\t\t\t\t\t\t\t\t\t\t\t<\/div>\n\t\t\t\t\t\t\t\t<div class=\"elementor-field-type-email elementor-field-group elementor-column elementor-field-group-email elementor-col-50 elementor-field-required\">\n\t\t\t\t\t\t\t\t\t\t\t\t<label for=\"form-field-email\" class=\"elementor-field-label\">\n\t\t\t\t\t\t\t\tCorreu electr\u00f2nic\t\t\t\t\t\t\t<\/label>\n\t\t\t\t\t\t\t\t\t\t\t\t\t\t<input size=\"1\" type=\"email\" name=\"form_fields[email]\" id=\"form-field-email\" class=\"elementor-field elementor-size-sm  elementor-field-textual\" required=\"required\" aria-required=\"true\">\n\t\t\t\t\t\t\t\t\t\t\t<\/div>\n\t\t\t\t\t\t\t\t<div class=\"elementor-field-type-select elementor-field-group elementor-column elementor-field-group-field_64fe202 elementor-col-100 elementor-field-required\">\n\t\t\t\t\t\t\t\t\t\t\t\t<label for=\"form-field-field_64fe202\" class=\"elementor-field-label\">\n\t\t\t\t\t\t\t\t\u00bf\u00c0rea d'inter\u00e8s?\t\t\t\t\t\t\t<\/label>\n\t\t\t\t\t\t\t\t<div class=\"elementor-field elementor-select-wrapper remove-before \">\n\t\t\t<div class=\"select-caret-down-wrapper\">\n\t\t\t\t<svg aria-hidden=\"true\" class=\"e-font-icon-svg e-eicon-caret-down\" viewBox=\"0 0 571.4 571.4\" xmlns=\"http:\/\/www.w3.org\/2000\/svg\"><path d=\"M571 393Q571 407 561 418L311 668Q300 679 286 679T261 668L11 418Q0 407 0 393T11 368 36 357H536Q550 357 561 368T571 393Z\"><\/path><\/svg>\t\t\t<\/div>\n\t\t\t<select name=\"form_fields[field_64fe202]\" id=\"form-field-field_64fe202\" class=\"elementor-field-textual elementor-size-sm\" required=\"required\" aria-required=\"true\">\n\t\t\t\t\t\t\t\t\t<option value=\"Personal Docent\">Personal Docent<\/option>\n\t\t\t\t\t\t\t\t\t<option value=\"Personal Administraci\u00f3 y Servicis\">Personal Administraci\u00f3 y Servicis<\/option>\n\t\t\t\t\t\t\t<\/select>\n\t\t<\/div>\n\t\t\t\t\t\t<\/div>\n\t\t\t\t\t\t\t\t<div class=\"elementor-field-type-select elementor-field-group elementor-column elementor-field-group-destinatario elementor-col-100\">\n\t\t\t\t\t\t\t\t\t\t\t\t<label for=\"form-field-destinatario\" class=\"elementor-field-label\">\n\t\t\t\t\t\t\t\tSi ets <strong>Personal Docent<\/strong>, selecciona la teva Etapa Educativa d'inter\u00e8s\t\t\t\t\t\t\t<\/label>\n\t\t\t\t\t\t\t\t<div class=\"elementor-field elementor-select-wrapper remove-before \">\n\t\t\t<div class=\"select-caret-down-wrapper\">\n\t\t\t\t<svg aria-hidden=\"true\" class=\"e-font-icon-svg e-eicon-caret-down\" viewBox=\"0 0 571.4 571.4\" xmlns=\"http:\/\/www.w3.org\/2000\/svg\"><path d=\"M571 393Q571 407 561 418L311 668Q300 679 286 679T261 668L11 418Q0 407 0 393T11 368 36 357H536Q550 357 561 368T571 393Z\"><\/path><\/svg>\t\t\t<\/div>\n\t\t\t<select name=\"form_fields[destinatario]\" id=\"form-field-destinatario\" class=\"elementor-field-textual elementor-size-sm\">\n\t\t\t\t\t\t\t\t\t<option value=\"E. Infantil\">E. Infantil<\/option>\n\t\t\t\t\t\t\t\t\t<option value=\"E. Primaria\">E. Primaria<\/option>\n\t\t\t\t\t\t\t\t\t<option value=\"ESO\">ESO<\/option>\n\t\t\t\t\t\t\t\t\t<option value=\"Batxillerat\">Batxillerat<\/option>\n\t\t\t\t\t\t\t\t\t<option value=\"Dpto. Orientaci\u00f3\">Dpto. Orientaci\u00f3<\/option>\n\t\t\t\t\t\t\t<\/select>\n\t\t<\/div>\n\t\t\t\t\t\t<\/div>\n\t\t\t\t\t\t\t\t<div class=\"elementor-field-type-text elementor-field-group elementor-column elementor-field-group-field_0ea678e elementor-col-100\">\n\t\t\t\t\t\t\t\t\t\t\t\t<label for=\"form-field-field_0ea678e\" class=\"elementor-field-label\">\n\t\t\t\t\t\t\t\t\"Si ets <strong>Personal Administraci\u00f3 i Serveis<\/strong>, indica el servei del teu inter\u00e8s.\"\t\t\t\t\t\t\t<\/label>\n\t\t\t\t\t\t\t\t\t\t\t\t\t\t<input size=\"1\" type=\"text\" name=\"form_fields[field_0ea678e]\" id=\"form-field-field_0ea678e\" class=\"elementor-field elementor-size-sm  elementor-field-textual\">\n\t\t\t\t\t\t\t\t\t\t\t<\/div>\n\t\t\t\t\t\t\t\t<div class=\"elementor-field-type-upload elementor-field-group elementor-column elementor-field-group-field_b82a5da elementor-col-100 elementor-field-required\">\n\t\t\t\t\t\t\t\t\t\t\t\t<label for=\"form-field-field_b82a5da\" class=\"elementor-field-label\">\n\t\t\t\t\t\t\t\tCurriculum Vitae\t\t\t\t\t\t\t<\/label>\n\t\t\t\t\t\t\t\t<input type=\"file\" name=\"form_fields[field_b82a5da]\" id=\"form-field-field_b82a5da\" class=\"elementor-field elementor-size-sm  elementor-upload-field\" required=\"required\" aria-required=\"true\">\n\n\t\t\t\t\t\t<\/div>\n\t\t\t\t\t\t\t\t<div class=\"elementor-field-type-textarea elementor-field-group elementor-column elementor-field-group-field_ca2b11e elementor-col-100\">\n\t\t\t\t\t\t\t\t\t\t\t\t<label for=\"form-field-field_ca2b11e\" class=\"elementor-field-label\">\n\t\t\t\t\t\t\t\tObservacions\t\t\t\t\t\t\t<\/label>\n\t\t\t\t\t\t<textarea class=\"elementor-field-textual elementor-field  elementor-size-sm\" name=\"form_fields[field_ca2b11e]\" id=\"form-field-field_ca2b11e\" rows=\"4\"><\/textarea>\t\t\t\t<\/div>\n\t\t\t\t\t\t\t\t<div class=\"elementor-field-group elementor-column elementor-field-type-submit elementor-col-100 e-form__buttons\">\n\t\t\t\t\t<button class=\"elementor-button elementor-size-sm\" type=\"submit\">\n\t\t\t\t\t\t<span class=\"elementor-button-content-wrapper\">\n\t\t\t\t\t\t\t\t\t\t\t\t\t\t\t\t\t\t\t\t\t\t<span class=\"elementor-button-text\">Enviar<\/span>\n\t\t\t\t\t\t\t\t\t\t\t\t\t<\/span>\n\t\t\t\t\t<\/button>\n\t\t\t\t<\/div>\n\t\t\t<\/div>\n\t\t<\/form>\n\t\t\t\t<\/div>\n\t\t\t\t<\/div>\n\t\t\t\t\t<\/div>\n\t\t<\/div>\n\t\t\t\t\t<\/div>\n\t\t<\/section>\n\t\t\t\t<\/div>\n\t\t","protected":false},"excerpt":{"rendered":"<p>Treballa amb nosaltres Si li interessa entrar a formar part de la comunitat educativa Pureza de Mar\u00eda CID, no dubti en contactar amb nosaltres mitjan\u00e7ant el seg\u00fcent formulari.<\/p>\n","protected":false},"author":4,"featured_media":0,"parent":0,"menu_order":0,"comment_status":"closed","ping_status":"closed","template":"elementor_header_footer","meta":{"footnotes":""},"class_list":["post-6936","page","type-page","status-publish","hentry"],"yoast_head":"<!-- This site is optimized with the Yoast SEO plugin v27.4 - https:\/\/yoast.com\/product\/yoast-seo-wordpress\/ -->\n<title>Treballa amb nosaltres - Pureza de Mar\u00eda Madrid<\/title>\n<meta name=\"robots\" content=\"index, follow, max-snippet:-1, max-image-preview:large, max-video-preview:-1\" \/>\n<link rel=\"canonical\" href=\"https:\/\/pmaria-cid.org\/ca\/treballa-amb-nosaltres\/\" \/>\n<meta property=\"og:locale\" content=\"ca_ES\" \/>\n<meta property=\"og:type\" content=\"article\" \/>\n<meta property=\"og:title\" content=\"Treballa amb nosaltres - Pureza de Mar\u00eda Madrid\" \/>\n<meta property=\"og:description\" content=\"Treballa amb nosaltres Si li interessa entrar a formar part de la comunitat educativa Pureza de Mar\u00eda CID, no dubti en contactar amb nosaltres mitjan\u00e7ant el seg\u00fcent formulari.\" \/>\n<meta property=\"og:url\" content=\"https:\/\/pmaria-cid.org\/ca\/treballa-amb-nosaltres\/\" \/>\n<meta property=\"og:site_name\" content=\"Pureza de Mar\u00eda Madrid\" \/>\n<meta property=\"article:publisher\" content=\"https:\/\/www.facebook.com\/pmariacid\" \/>\n<meta property=\"article:modified_time\" content=\"2024-05-16T10:33:02+00:00\" \/>\n<meta property=\"og:image\" content=\"https:\/\/pmaria-cid.org\/wp-content\/uploads\/2022\/09\/Fachada_03-1418x945-1.jpg\" \/>\n\t<meta property=\"og:image:width\" content=\"1418\" \/>\n\t<meta property=\"og:image:height\" content=\"945\" \/>\n\t<meta property=\"og:image:type\" content=\"image\/jpeg\" \/>\n<meta name=\"twitter:card\" content=\"summary_large_image\" \/>\n<meta name=\"twitter:site\" content=\"@pmariacid\" \/>\n<script type=\"application\/ld+json\" class=\"yoast-schema-graph\">{\"@context\":\"https:\\\/\\\/schema.org\",\"@graph\":[{\"@type\":\"WebPage\",\"@id\":\"https:\\\/\\\/pmaria-cid.org\\\/ca\\\/treballa-amb-nosaltres\\\/\",\"url\":\"https:\\\/\\\/pmaria-cid.org\\\/ca\\\/treballa-amb-nosaltres\\\/\",\"name\":\"Treballa amb nosaltres - Pureza de Mar\u00eda Madrid\",\"isPartOf\":{\"@id\":\"https:\\\/\\\/pmaria-cid.org\\\/ca\\\/#website\"},\"datePublished\":\"2023-02-01T12:38:17+00:00\",\"dateModified\":\"2024-05-16T10:33:02+00:00\",\"breadcrumb\":{\"@id\":\"https:\\\/\\\/pmaria-cid.org\\\/ca\\\/treballa-amb-nosaltres\\\/#breadcrumb\"},\"inLanguage\":\"ca\",\"potentialAction\":[{\"@type\":\"ReadAction\",\"target\":[\"https:\\\/\\\/pmaria-cid.org\\\/ca\\\/treballa-amb-nosaltres\\\/\"]}]},{\"@type\":\"BreadcrumbList\",\"@id\":\"https:\\\/\\\/pmaria-cid.org\\\/ca\\\/treballa-amb-nosaltres\\\/#breadcrumb\",\"itemListElement\":[{\"@type\":\"ListItem\",\"position\":1,\"name\":\"Portada\",\"item\":\"https:\\\/\\\/pmaria-cid.org\\\/ca\\\/\"},{\"@type\":\"ListItem\",\"position\":2,\"name\":\"Treballa amb nosaltres\"}]},{\"@type\":\"WebSite\",\"@id\":\"https:\\\/\\\/pmaria-cid.org\\\/ca\\\/#website\",\"url\":\"https:\\\/\\\/pmaria-cid.org\\\/ca\\\/\",\"name\":\"Colegio Pureza de Mar\u00eda Valencia Cid\",\"description\":\"Colegio cat\u00f3lico privado-concertado. Educaci\u00f3n Infantil, Primaria, ESO y Bachillerato\",\"alternateName\":\"Pureza de Mar\u00eda Valencia Cid\",\"potentialAction\":[{\"@type\":\"SearchAction\",\"target\":{\"@type\":\"EntryPoint\",\"urlTemplate\":\"https:\\\/\\\/pmaria-cid.org\\\/ca\\\/?s={search_term_string}\"},\"query-input\":{\"@type\":\"PropertyValueSpecification\",\"valueRequired\":true,\"valueName\":\"search_term_string\"}}],\"inLanguage\":\"ca\"}]}<\/script>\n<!-- \/ Yoast SEO plugin. -->","yoast_head_json":{"title":"Treballa amb nosaltres - Pureza de Mar\u00eda Madrid","robots":{"index":"index","follow":"follow","max-snippet":"max-snippet:-1","max-image-preview":"max-image-preview:large","max-video-preview":"max-video-preview:-1"},"canonical":"https:\/\/pmaria-cid.org\/ca\/treballa-amb-nosaltres\/","og_locale":"ca_ES","og_type":"article","og_title":"Treballa amb nosaltres - Pureza de Mar\u00eda Madrid","og_description":"Treballa amb nosaltres Si li interessa entrar a formar part de la comunitat educativa Pureza de Mar\u00eda CID, no dubti en contactar amb nosaltres mitjan\u00e7ant el seg\u00fcent formulari.","og_url":"https:\/\/pmaria-cid.org\/ca\/treballa-amb-nosaltres\/","og_site_name":"Pureza de Mar\u00eda Madrid","article_publisher":"https:\/\/www.facebook.com\/pmariacid","article_modified_time":"2024-05-16T10:33:02+00:00","og_image":[{"width":1418,"height":945,"url":"https:\/\/pmaria-cid.org\/wp-content\/uploads\/2022\/09\/Fachada_03-1418x945-1.jpg","type":"image\/jpeg"}],"twitter_card":"summary_large_image","twitter_site":"@pmariacid","schema":{"@context":"https:\/\/schema.org","@graph":[{"@type":"WebPage","@id":"https:\/\/pmaria-cid.org\/ca\/treballa-amb-nosaltres\/","url":"https:\/\/pmaria-cid.org\/ca\/treballa-amb-nosaltres\/","name":"Treballa amb nosaltres - Pureza de Mar\u00eda Madrid","isPartOf":{"@id":"https:\/\/pmaria-cid.org\/ca\/#website"},"datePublished":"2023-02-01T12:38:17+00:00","dateModified":"2024-05-16T10:33:02+00:00","breadcrumb":{"@id":"https:\/\/pmaria-cid.org\/ca\/treballa-amb-nosaltres\/#breadcrumb"},"inLanguage":"ca","potentialAction":[{"@type":"ReadAction","target":["https:\/\/pmaria-cid.org\/ca\/treballa-amb-nosaltres\/"]}]},{"@type":"BreadcrumbList","@id":"https:\/\/pmaria-cid.org\/ca\/treballa-amb-nosaltres\/#breadcrumb","itemListElement":[{"@type":"ListItem","position":1,"name":"Portada","item":"https:\/\/pmaria-cid.org\/ca\/"},{"@type":"ListItem","position":2,"name":"Treballa amb nosaltres"}]},{"@type":"WebSite","@id":"https:\/\/pmaria-cid.org\/ca\/#website","url":"https:\/\/pmaria-cid.org\/ca\/","name":"Colegio Pureza de Mar\u00eda Valencia Cid","description":"Colegio cat\u00f3lico privado-concertado. Educaci\u00f3n Infantil, Primaria, ESO y Bachillerato","alternateName":"Pureza de Mar\u00eda Valencia Cid","potentialAction":[{"@type":"SearchAction","target":{"@type":"EntryPoint","urlTemplate":"https:\/\/pmaria-cid.org\/ca\/?s={search_term_string}"},"query-input":{"@type":"PropertyValueSpecification","valueRequired":true,"valueName":"search_term_string"}}],"inLanguage":"ca"}]}},"_links":{"self":[{"href":"https:\/\/pmaria-cid.org\/ca\/wp-json\/wp\/v2\/pages\/6936","targetHints":{"allow":["GET"]}}],"collection":[{"href":"https:\/\/pmaria-cid.org\/ca\/wp-json\/wp\/v2\/pages"}],"about":[{"href":"https:\/\/pmaria-cid.org\/ca\/wp-json\/wp\/v2\/types\/page"}],"author":[{"embeddable":true,"href":"https:\/\/pmaria-cid.org\/ca\/wp-json\/wp\/v2\/users\/4"}],"replies":[{"embeddable":true,"href":"https:\/\/pmaria-cid.org\/ca\/wp-json\/wp\/v2\/comments?post=6936"}],"version-history":[{"count":0,"href":"https:\/\/pmaria-cid.org\/ca\/wp-json\/wp\/v2\/pages\/6936\/revisions"}],"wp:attachment":[{"href":"https:\/\/pmaria-cid.org\/ca\/wp-json\/wp\/v2\/media?parent=6936"}],"curies":[{"name":"wp","href":"https:\/\/api.w.org\/{rel}","templated":true}]}}