{"id":7068,"date":"2024-01-12T13:39:40","date_gmt":"2024-01-12T13:39:40","guid":{"rendered":"https:\/\/pmaria-cid.org\/agenda\/"},"modified":"2024-05-24T08:57:50","modified_gmt":"2024-05-24T08:57:50","slug":"agenda","status":"publish","type":"page","link":"https:\/\/pmaria-cid.org\/ca\/agenda\/","title":{"rendered":"Agenda"},"content":{"rendered":"\t\t<div data-elementor-type=\"wp-page\" data-elementor-id=\"7068\" class=\"elementor elementor-7068 elementor-4926\" data-elementor-post-type=\"page\">\n\t\t\t\t\t\t<section class=\"elementor-section elementor-top-section elementor-element elementor-element-32395971 elementor-section-boxed elementor-section-height-default elementor-section-height-default\" data-id=\"32395971\" data-element_type=\"section\" data-settings=\"{&quot;jet_parallax_layout_list&quot;:[]}\">\n\t\t\t\t\t\t<div class=\"elementor-container elementor-column-gap-default\">\n\t\t\t\t\t<div class=\"elementor-column elementor-col-100 elementor-top-column elementor-element elementor-element-56329d63\" data-id=\"56329d63\" data-element_type=\"column\">\n\t\t\t<div class=\"elementor-widget-wrap\">\n\t\t\t\t\t\t\t<\/div>\n\t\t<\/div>\n\t\t\t\t\t<\/div>\n\t\t<\/section>\n\t\t\t\t<section class=\"elementor-section elementor-top-section elementor-element elementor-element-6185751c elementor-section-boxed elementor-section-height-default elementor-section-height-default\" data-id=\"6185751c\" data-element_type=\"section\" data-settings=\"{&quot;jet_parallax_layout_list&quot;:[]}\">\n\t\t\t\t\t\t<div class=\"elementor-container elementor-column-gap-default\">\n\t\t\t\t\t<div class=\"elementor-column elementor-col-33 elementor-top-column elementor-element elementor-element-32da164c\" data-id=\"32da164c\" data-element_type=\"column\">\n\t\t\t<div class=\"elementor-widget-wrap\">\n\t\t\t\t\t\t\t<\/div>\n\t\t<\/div>\n\t\t\t\t<div class=\"elementor-column elementor-col-66 elementor-top-column elementor-element elementor-element-454fcf5b\" data-id=\"454fcf5b\" data-element_type=\"column\">\n\t\t\t<div class=\"elementor-widget-wrap elementor-element-populated\">\n\t\t\t\t\t\t<div class=\"elementor-element elementor-element-26b69c55 elementor-widget elementor-widget-wp-widget-calendar\" data-id=\"26b69c55\" data-element_type=\"widget\" data-widget_type=\"wp-widget-calendar.default\">\n\t\t\t\t<div class=\"elementor-widget-container\">\n\t\t\t<div id=\"calendar_wrap\" class=\"calendar_wrap\"><table id=\"wp-calendar\" class=\"wp-calendar-table\">\n\t<caption>abril 2026<\/caption>\n\t<thead>\n\t<tr>\n\t\t<th scope=\"col\" aria-label=\"Dilluns\">Dl<\/th>\n\t\t<th scope=\"col\" aria-label=\"Dimarts\">Dt<\/th>\n\t\t<th scope=\"col\" aria-label=\"Dimecres\">Dc<\/th>\n\t\t<th scope=\"col\" aria-label=\"Dijous\">Dj<\/th>\n\t\t<th scope=\"col\" aria-label=\"Divendres\">Dv<\/th>\n\t\t<th scope=\"col\" aria-label=\"Dissabte\">Ds<\/th>\n\t\t<th scope=\"col\" aria-label=\"Diumenge\">Dg<\/th>\n\t<\/tr>\n\t<\/thead>\n\t<tbody>\n\t<tr>\n\t\t<td colspan=\"2\" class=\"pad\">&nbsp;<\/td><td><a href=\"https:\/\/pmaria-cid.org\/ca\/2026\/04\/01\/\" aria-label=\"Entrades publicades el 1 de April de 2026\">1<\/a><\/td><td><a href=\"https:\/\/pmaria-cid.org\/ca\/2026\/04\/02\/\" aria-label=\"Entrades publicades el 2 de April de 2026\">2<\/a><\/td><td>3<\/td><td>4<\/td><td id=\"today\">5<\/td>\n\t<\/tr>\n\t<tr>\n\t\t<td>6<\/td><td>7<\/td><td>8<\/td><td>9<\/td><td>10<\/td><td>11<\/td><td>12<\/td>\n\t<\/tr>\n\t<tr>\n\t\t<td>13<\/td><td>14<\/td><td>15<\/td><td>16<\/td><td>17<\/td><td>18<\/td><td>19<\/td>\n\t<\/tr>\n\t<tr>\n\t\t<td>20<\/td><td>21<\/td><td>22<\/td><td>23<\/td><td>24<\/td><td>25<\/td><td>26<\/td>\n\t<\/tr>\n\t<tr>\n\t\t<td>27<\/td><td>28<\/td><td>29<\/td><td>30<\/td>\n\t\t<td class=\"pad\" colspan=\"3\">&nbsp;<\/td>\n\t<\/tr>\n\t<\/tbody>\n\t<\/table><nav aria-label=\"Mesos anteriors i posteriors\" class=\"wp-calendar-nav\">\n\t\t<span class=\"wp-calendar-nav-prev\"><a href=\"https:\/\/pmaria-cid.org\/ca\/2026\/03\/\">&laquo; mar\u00e7<\/a><\/span>\n\t\t<span class=\"pad\">&nbsp;<\/span>\n\t\t<span class=\"wp-calendar-nav-next\">&nbsp;<\/span>\n\t<\/nav><\/div>\t\t<\/div>\n\t\t\t\t<\/div>\n\t\t\t\t\t<\/div>\n\t\t<\/div>\n\t\t\t\t\t<\/div>\n\t\t<\/section>\n\t\t\t\t<section class=\"elementor-section elementor-top-section elementor-element elementor-element-9860423 elementor-section-boxed elementor-section-height-default elementor-section-height-default\" data-id=\"9860423\" data-element_type=\"section\" data-settings=\"{&quot;jet_parallax_layout_list&quot;:[{&quot;_id&quot;:&quot;df2362e&quot;,&quot;jet_parallax_layout_image&quot;:{&quot;url&quot;:&quot;&quot;,&quot;id&quot;:&quot;&quot;,&quot;size&quot;:&quot;&quot;},&quot;jet_parallax_layout_image_tablet&quot;:{&quot;url&quot;:&quot;&quot;,&quot;id&quot;:&quot;&quot;,&quot;size&quot;:&quot;&quot;},&quot;jet_parallax_layout_image_mobile&quot;:{&quot;url&quot;:&quot;&quot;,&quot;id&quot;:&quot;&quot;,&quot;size&quot;:&quot;&quot;},&quot;jet_parallax_layout_speed&quot;:{&quot;unit&quot;:&quot;%&quot;,&quot;size&quot;:50,&quot;sizes&quot;:[]},&quot;jet_parallax_layout_type&quot;:&quot;scroll&quot;,&quot;jet_parallax_layout_direction&quot;:null,&quot;jet_parallax_layout_fx_direction&quot;:null,&quot;jet_parallax_layout_z_index&quot;:&quot;&quot;,&quot;jet_parallax_layout_bg_x&quot;:50,&quot;jet_parallax_layout_bg_x_tablet&quot;:&quot;&quot;,&quot;jet_parallax_layout_bg_x_mobile&quot;:&quot;&quot;,&quot;jet_parallax_layout_bg_y&quot;:50,&quot;jet_parallax_layout_bg_y_tablet&quot;:&quot;&quot;,&quot;jet_parallax_layout_bg_y_mobile&quot;:&quot;&quot;,&quot;jet_parallax_layout_bg_size&quot;:&quot;auto&quot;,&quot;jet_parallax_layout_bg_size_tablet&quot;:&quot;&quot;,&quot;jet_parallax_layout_bg_size_mobile&quot;:&quot;&quot;,&quot;jet_parallax_layout_animation_prop&quot;:&quot;transform&quot;,&quot;jet_parallax_layout_on&quot;:[&quot;desktop&quot;,&quot;tablet&quot;]}]}\">\n\t\t\t\t\t\t<div class=\"elementor-container elementor-column-gap-default\">\n\t\t\t\t\t<div class=\"elementor-column elementor-col-100 elementor-top-column elementor-element elementor-element-3fd4044\" data-id=\"3fd4044\" data-element_type=\"column\">\n\t\t\t<div class=\"elementor-widget-wrap\">\n\t\t\t\t\t\t\t<\/div>\n\t\t<\/div>\n\t\t\t\t\t<\/div>\n\t\t<\/section>\n\t\t\t\t<section class=\"elementor-section elementor-top-section elementor-element elementor-element-8fa46a2 elementor-section-boxed elementor-section-height-default elementor-section-height-default\" data-id=\"8fa46a2\" data-element_type=\"section\" data-settings=\"{&quot;jet_parallax_layout_list&quot;:[]}\">\n\t\t\t\t\t\t<div class=\"elementor-container elementor-column-gap-default\">\n\t\t\t\t\t<div class=\"elementor-column elementor-col-100 elementor-top-column elementor-element elementor-element-32def6a\" data-id=\"32def6a\" data-element_type=\"column\">\n\t\t\t<div class=\"elementor-widget-wrap elementor-element-populated\">\n\t\t\t\t\t\t<div class=\"elementor-element elementor-element-b00e8fe elementor-widget elementor-widget-text-editor\" data-id=\"b00e8fe\" data-element_type=\"widget\" data-widget_type=\"text-editor.default\">\n\t\t\t\t<div class=\"elementor-widget-container\">\n\t\t\t\t\t\t\t<p>Lorem ipsum dolor sit amet, consectetur adipiscing elit. Ut elit tellus, luctus nec ullamcorper mattis, pulvinar dapibus leo.<\/p>\t\t\t\t\t\t<\/div>\n\t\t\t\t<\/div>\n\t\t\t\t\t<\/div>\n\t\t<\/div>\n\t\t\t\t\t<\/div>\n\t\t<\/section>\n\t\t\t\t<\/div>\n\t\t","protected":false},"excerpt":{"rendered":"<p>Lorem fistrum por la gloria de mi madre esse jarl aliqua llevame al sircoo. De la pradera ullamco qu\u00e9 dise usteer est\u00e1 la cosa muy malar.<\/p>\n","protected":false},"author":4,"featured_media":0,"parent":0,"menu_order":0,"comment_status":"closed","ping_status":"closed","template":"","meta":{"footnotes":""},"class_list":["post-7068","page","type-page","status-publish","hentry"],"yoast_head":"<!-- This site is optimized with the Yoast SEO plugin v27.3 - https:\/\/yoast.com\/product\/yoast-seo-wordpress\/ -->\n<title>Agenda - Pureza de Mar\u00eda Madrid<\/title>\n<meta name=\"robots\" content=\"index, follow, max-snippet:-1, max-image-preview:large, max-video-preview:-1\" \/>\n<link rel=\"canonical\" href=\"https:\/\/pmaria-cid.org\/ca\/agenda\/\" \/>\n<meta property=\"og:locale\" content=\"ca_ES\" \/>\n<meta property=\"og:type\" content=\"article\" \/>\n<meta property=\"og:title\" content=\"Agenda - Pureza de Mar\u00eda Madrid\" \/>\n<meta property=\"og:description\" content=\"Lorem fistrum por la gloria de mi madre esse jarl aliqua llevame al sircoo. De la pradera ullamco qu\u00e9 dise usteer est\u00e1 la cosa muy malar.\" \/>\n<meta property=\"og:url\" content=\"https:\/\/pmaria-cid.org\/ca\/agenda\/\" \/>\n<meta property=\"og:site_name\" content=\"Pureza de Mar\u00eda Madrid\" \/>\n<meta property=\"article:publisher\" content=\"https:\/\/www.facebook.com\/pmariacid\" \/>\n<meta property=\"article:modified_time\" content=\"2024-05-24T08:57:50+00:00\" \/>\n<meta property=\"og:image\" content=\"https:\/\/pmaria-cid.org\/wp-content\/uploads\/2022\/09\/Fachada_03-1418x945-1.jpg\" \/>\n\t<meta property=\"og:image:width\" content=\"1418\" \/>\n\t<meta property=\"og:image:height\" content=\"945\" \/>\n\t<meta property=\"og:image:type\" content=\"image\/jpeg\" \/>\n<meta name=\"twitter:card\" content=\"summary_large_image\" \/>\n<meta name=\"twitter:site\" content=\"@pmariacid\" \/>\n<script type=\"application\/ld+json\" class=\"yoast-schema-graph\">{\"@context\":\"https:\\\/\\\/schema.org\",\"@graph\":[{\"@type\":\"WebPage\",\"@id\":\"https:\\\/\\\/pmaria-cid.org\\\/ca\\\/agenda\\\/\",\"url\":\"https:\\\/\\\/pmaria-cid.org\\\/ca\\\/agenda\\\/\",\"name\":\"Agenda - Pureza de Mar\u00eda Madrid\",\"isPartOf\":{\"@id\":\"https:\\\/\\\/pmaria-cid.org\\\/ca\\\/#website\"},\"datePublished\":\"2024-01-12T13:39:40+00:00\",\"dateModified\":\"2024-05-24T08:57:50+00:00\",\"breadcrumb\":{\"@id\":\"https:\\\/\\\/pmaria-cid.org\\\/ca\\\/agenda\\\/#breadcrumb\"},\"inLanguage\":\"ca\",\"potentialAction\":[{\"@type\":\"ReadAction\",\"target\":[\"https:\\\/\\\/pmaria-cid.org\\\/ca\\\/agenda\\\/\"]}]},{\"@type\":\"BreadcrumbList\",\"@id\":\"https:\\\/\\\/pmaria-cid.org\\\/ca\\\/agenda\\\/#breadcrumb\",\"itemListElement\":[{\"@type\":\"ListItem\",\"position\":1,\"name\":\"Portada\",\"item\":\"https:\\\/\\\/pmaria-cid.org\\\/ca\\\/\"},{\"@type\":\"ListItem\",\"position\":2,\"name\":\"Agenda\"}]},{\"@type\":\"WebSite\",\"@id\":\"https:\\\/\\\/pmaria-cid.org\\\/ca\\\/#website\",\"url\":\"https:\\\/\\\/pmaria-cid.org\\\/ca\\\/\",\"name\":\"Colegio Pureza de Mar\u00eda Valencia Cid\",\"description\":\"Colegio cat\u00f3lico privado-concertado. Educaci\u00f3n Infantil, Primaria, ESO y Bachillerato\",\"publisher\":{\"@id\":\"https:\\\/\\\/pmaria-cid.org\\\/ca\\\/#organization\"},\"alternateName\":\"Pureza de Mar\u00eda Valencia Cid\",\"potentialAction\":[{\"@type\":\"SearchAction\",\"target\":{\"@type\":\"EntryPoint\",\"urlTemplate\":\"https:\\\/\\\/pmaria-cid.org\\\/ca\\\/?s={search_term_string}\"},\"query-input\":{\"@type\":\"PropertyValueSpecification\",\"valueRequired\":true,\"valueName\":\"search_term_string\"}}],\"inLanguage\":\"ca\"},{\"@type\":\"Organization\",\"@id\":\"https:\\\/\\\/pmaria-cid.org\\\/ca\\\/#organization\",\"name\":\"Colegio Pureza de Mar\u00eda Valencia Cid\",\"alternateName\":\"Pureza de Mar\u00eda Valencia Cid\",\"url\":\"https:\\\/\\\/pmaria-cid.org\\\/ca\\\/\",\"logo\":{\"@type\":\"ImageObject\",\"inLanguage\":\"ca\",\"@id\":\"https:\\\/\\\/pmaria-cid.org\\\/ca\\\/#\\\/schema\\\/logo\\\/image\\\/\",\"url\":\"https:\\\/\\\/pmaria-cid.org\\\/wp-content\\\/uploads\\\/2023\\\/05\\\/cropped-color.png\",\"contentUrl\":\"https:\\\/\\\/pmaria-cid.org\\\/wp-content\\\/uploads\\\/2023\\\/05\\\/cropped-color.png\",\"width\":2478,\"height\":708,\"caption\":\"Colegio Pureza de Mar\u00eda Valencia Cid\"},\"image\":{\"@id\":\"https:\\\/\\\/pmaria-cid.org\\\/ca\\\/#\\\/schema\\\/logo\\\/image\\\/\"},\"sameAs\":[\"https:\\\/\\\/www.facebook.com\\\/pmariacid\",\"https:\\\/\\\/x.com\\\/pmariacid\",\"https:\\\/\\\/www.instagram.com\\\/pmariacid\",\"https:\\\/\\\/www.youtube.com\\\/RedesCid\"]}]}<\/script>\n<!-- \/ Yoast SEO plugin. -->","yoast_head_json":{"title":"Agenda - Pureza de Mar\u00eda Madrid","robots":{"index":"index","follow":"follow","max-snippet":"max-snippet:-1","max-image-preview":"max-image-preview:large","max-video-preview":"max-video-preview:-1"},"canonical":"https:\/\/pmaria-cid.org\/ca\/agenda\/","og_locale":"ca_ES","og_type":"article","og_title":"Agenda - Pureza de Mar\u00eda Madrid","og_description":"Lorem fistrum por la gloria de mi madre esse jarl aliqua llevame al sircoo. De la pradera ullamco qu\u00e9 dise usteer est\u00e1 la cosa muy malar.","og_url":"https:\/\/pmaria-cid.org\/ca\/agenda\/","og_site_name":"Pureza de Mar\u00eda Madrid","article_publisher":"https:\/\/www.facebook.com\/pmariacid","article_modified_time":"2024-05-24T08:57:50+00:00","og_image":[{"width":1418,"height":945,"url":"https:\/\/pmaria-cid.org\/wp-content\/uploads\/2022\/09\/Fachada_03-1418x945-1.jpg","type":"image\/jpeg"}],"twitter_card":"summary_large_image","twitter_site":"@pmariacid","schema":{"@context":"https:\/\/schema.org","@graph":[{"@type":"WebPage","@id":"https:\/\/pmaria-cid.org\/ca\/agenda\/","url":"https:\/\/pmaria-cid.org\/ca\/agenda\/","name":"Agenda - Pureza de Mar\u00eda Madrid","isPartOf":{"@id":"https:\/\/pmaria-cid.org\/ca\/#website"},"datePublished":"2024-01-12T13:39:40+00:00","dateModified":"2024-05-24T08:57:50+00:00","breadcrumb":{"@id":"https:\/\/pmaria-cid.org\/ca\/agenda\/#breadcrumb"},"inLanguage":"ca","potentialAction":[{"@type":"ReadAction","target":["https:\/\/pmaria-cid.org\/ca\/agenda\/"]}]},{"@type":"BreadcrumbList","@id":"https:\/\/pmaria-cid.org\/ca\/agenda\/#breadcrumb","itemListElement":[{"@type":"ListItem","position":1,"name":"Portada","item":"https:\/\/pmaria-cid.org\/ca\/"},{"@type":"ListItem","position":2,"name":"Agenda"}]},{"@type":"WebSite","@id":"https:\/\/pmaria-cid.org\/ca\/#website","url":"https:\/\/pmaria-cid.org\/ca\/","name":"Colegio Pureza de Mar\u00eda Valencia Cid","description":"Colegio cat\u00f3lico privado-concertado. Educaci\u00f3n Infantil, Primaria, ESO y Bachillerato","publisher":{"@id":"https:\/\/pmaria-cid.org\/ca\/#organization"},"alternateName":"Pureza de Mar\u00eda Valencia Cid","potentialAction":[{"@type":"SearchAction","target":{"@type":"EntryPoint","urlTemplate":"https:\/\/pmaria-cid.org\/ca\/?s={search_term_string}"},"query-input":{"@type":"PropertyValueSpecification","valueRequired":true,"valueName":"search_term_string"}}],"inLanguage":"ca"},{"@type":"Organization","@id":"https:\/\/pmaria-cid.org\/ca\/#organization","name":"Colegio Pureza de Mar\u00eda Valencia Cid","alternateName":"Pureza de Mar\u00eda Valencia Cid","url":"https:\/\/pmaria-cid.org\/ca\/","logo":{"@type":"ImageObject","inLanguage":"ca","@id":"https:\/\/pmaria-cid.org\/ca\/#\/schema\/logo\/image\/","url":"https:\/\/pmaria-cid.org\/wp-content\/uploads\/2023\/05\/cropped-color.png","contentUrl":"https:\/\/pmaria-cid.org\/wp-content\/uploads\/2023\/05\/cropped-color.png","width":2478,"height":708,"caption":"Colegio Pureza de Mar\u00eda Valencia Cid"},"image":{"@id":"https:\/\/pmaria-cid.org\/ca\/#\/schema\/logo\/image\/"},"sameAs":["https:\/\/www.facebook.com\/pmariacid","https:\/\/x.com\/pmariacid","https:\/\/www.instagram.com\/pmariacid","https:\/\/www.youtube.com\/RedesCid"]}]}},"_links":{"self":[{"href":"https:\/\/pmaria-cid.org\/ca\/wp-json\/wp\/v2\/pages\/7068","targetHints":{"allow":["GET"]}}],"collection":[{"href":"https:\/\/pmaria-cid.org\/ca\/wp-json\/wp\/v2\/pages"}],"about":[{"href":"https:\/\/pmaria-cid.org\/ca\/wp-json\/wp\/v2\/types\/page"}],"author":[{"embeddable":true,"href":"https:\/\/pmaria-cid.org\/ca\/wp-json\/wp\/v2\/users\/4"}],"replies":[{"embeddable":true,"href":"https:\/\/pmaria-cid.org\/ca\/wp-json\/wp\/v2\/comments?post=7068"}],"version-history":[{"count":0,"href":"https:\/\/pmaria-cid.org\/ca\/wp-json\/wp\/v2\/pages\/7068\/revisions"}],"wp:attachment":[{"href":"https:\/\/pmaria-cid.org\/ca\/wp-json\/wp\/v2\/media?parent=7068"}],"curies":[{"name":"wp","href":"https:\/\/api.w.org\/{rel}","templated":true}]}}